{"id":3954,"date":"2024-05-10T09:49:09","date_gmt":"2024-05-10T09:49:09","guid":{"rendered":"https:\/\/hfrad.is\/?post_type=product&#038;p=3954"},"modified":"2025-01-14T11:49:03","modified_gmt":"2025-01-14T11:49:03","slug":"beats-studio-3-wireless-bluetooth-headphones","status":"publish","type":"product","link":"https:\/\/velvalid.is\/is\/product\/beats-studio-3-wireless-bluetooth-headphones\/","title":{"rendered":"Beats Studio 3 Wireless Bluetooth Headphones &#8211;"},"content":{"rendered":"<p>H\u00e1g\u00e6\u00f0a \u00fer\u00e1\u00f0laus h\u00e1va\u00f0adeyfandi heyrnart\u00f3l sem h\u00e6gt er a\u00f0 tengja vi\u00f0 b\u00e6\u00f0i\u00a0iOS og Android t\u00e6ki.<br \/>\nHlj\u00f3\u00f0kv\u00f6r\u00f0un var\u00f0veitir \u00farvals hlustunarupplifun \u00ed allt a\u00f0 22 klst rafhla\u00f0aendingu sem gerir \u00fe\u00e9r kleift a\u00f0 spila \u00fer\u00e1\u00f0lausa t\u00f3nlist allan daginn.<br \/>\n10 m\u00edn\u00fatna hle\u00f0sla jafnast \u00e1 vi\u00f0 3 klukkustunda spilun \u00feegar rafhla\u00f0an er l\u00edtil.<\/p>\n<p><iframe title=\"How noise canceling works on Beats Studio3 Wireless | Pure Adaptive Noise Canceling\" src=\"https:\/\/www.youtube.com\/embed\/aMO7tMkOXnk\" width=\"999\" height=\"562\" frameborder=\"0\" allowfullscreen=\"allowfullscreen\"><\/iframe><\/p>","protected":false},"excerpt":{"rendered":"<p>H\u00e1g\u00e6\u00f0a \u00fer\u00e1\u00f0laus h\u00e1va\u00f0adeyfandi heyrnart\u00f3l sem h\u00e6gt er a\u00f0 tengja vi\u00f0 b\u00e6\u00f0i\u00a0iOS og Android t\u00e6ki. Hlj\u00f3\u00f0kv\u00f6r\u00f0un var\u00f0veitir \u00farvals hlustunarupplifun \u00ed allt a\u00f0 22 klst rafhla\u00f0aendingu sem gerir \u00fe\u00e9r kleift a\u00f0 spila \u00fer\u00e1\u00f0lausa t\u00f3nlist allan daginn. 10 m\u00edn\u00fatna hle\u00f0sla jafnast \u00e1 vi\u00f0 3 klukkustunda spilun \u00feegar rafhla\u00f0an er l\u00edtil.<\/p>","protected":false},"featured_media":5475,"comment_status":"closed","ping_status":"closed","template":"","meta":{"_monsterinsights_skip_tracking":false,"_monsterinsights_sitenote_active":false,"_monsterinsights_sitenote_note":"","_monsterinsights_sitenote_category":0,"_uf_show_specific_survey":0,"_uf_disable_surveys":false},"product_brand":[],"product_cat":[55],"product_tag":[],"class_list":{"0":"post-3954","1":"product","2":"type-product","3":"status-publish","4":"has-post-thumbnail","6":"product_cat-beast","8":"first","9":"outofstock","10":"shipping-taxable","11":"purchasable","12":"product-type-simple"},"aioseo_notices":[],"_links":{"self":[{"href":"https:\/\/velvalid.is\/is\/wp-json\/wp\/v2\/product\/3954","targetHints":{"allow":["GET"]}}],"collection":[{"href":"https:\/\/velvalid.is\/is\/wp-json\/wp\/v2\/product"}],"about":[{"href":"https:\/\/velvalid.is\/is\/wp-json\/wp\/v2\/types\/product"}],"replies":[{"embeddable":true,"href":"https:\/\/velvalid.is\/is\/wp-json\/wp\/v2\/comments?post=3954"}],"wp:featuredmedia":[{"embeddable":true,"href":"https:\/\/velvalid.is\/is\/wp-json\/wp\/v2\/media\/5475"}],"wp:attachment":[{"href":"https:\/\/velvalid.is\/is\/wp-json\/wp\/v2\/media?parent=3954"}],"wp:term":[{"taxonomy":"product_brand","embeddable":true,"href":"https:\/\/velvalid.is\/is\/wp-json\/wp\/v2\/product_brand?post=3954"},{"taxonomy":"product_cat","embeddable":true,"href":"https:\/\/velvalid.is\/is\/wp-json\/wp\/v2\/product_cat?post=3954"},{"taxonomy":"product_tag","embeddable":true,"href":"https:\/\/velvalid.is\/is\/wp-json\/wp\/v2\/product_tag?post=3954"}],"curies":[{"name":"wp","href":"https:\/\/api.w.org\/{rel}","templated":true}]}}