{"id":3965,"date":"2024-05-10T10:25:35","date_gmt":"2024-05-10T10:25:35","guid":{"rendered":"https:\/\/hfrad.is\/?post_type=product&#038;p=3965"},"modified":"2025-09-29T10:00:03","modified_gmt":"2025-09-29T10:00:03","slug":"jbl-charge-5-hatalari","status":"publish","type":"product","link":"https:\/\/velvalid.is\/is\/product\/jbl-charge-5-hatalari\/","title":{"rendered":"JBL Charge 5 h\u00e1talari"},"content":{"rendered":"<p>Spila\u00f0u og hla\u00f0a\u00f0u endalaust<br \/>\nTaktu h\u00e1talaran me\u00f0 \u00fe\u00e9r, sama hvernig ve\u00f0ri\u00f0 er. JBL Charge 5 h\u00e1talarinn skilar JBL Original Pro Sound, . Allt a\u00f0 20 klukkustundir af spilat\u00edma.\u00a0 \u00de\u00f6kk s\u00e9 PartyBoost getur\u00f0u tengt marga s\u00edma vi\u00f0 JBL PartyBoost h\u00e1talaran og hla\u00f0a\u00f0 s\u00edmann \u00ed lei\u00f0inni.<\/p>\n<p>3 litir \u00ed bo\u00f0i<\/p>\n<p><iframe title=\"JBL | Charge 5 | Portable Waterproof Speaker with Powerbank\" src=\"https:\/\/www.youtube.com\/embed\/FN2W7C7Snr8\" width=\"1014\" height=\"582\" frameborder=\"0\" allowfullscreen=\"allowfullscreen\"><\/iframe><\/p>","protected":false},"excerpt":{"rendered":"<p>Spila\u00f0u og hla\u00f0a\u00f0u endalaust Taktu h\u00e1talaran me\u00f0 \u00fe\u00e9r, sama hvernig ve\u00f0ri\u00f0 er. JBL Charge 5 h\u00e1talarinn skilar JBL Original Pro Sound, . Allt a\u00f0 20 klukkustundir af spilat\u00edma.\u00a0 \u00de\u00f6kk s\u00e9 PartyBoost getur\u00f0u tengt marga s\u00edma vi\u00f0 JBL PartyBoost h\u00e1talaran og hla\u00f0a\u00f0 s\u00edmann \u00ed lei\u00f0inni. 3 litir \u00ed bo\u00f0i<\/p>","protected":false},"featured_media":3966,"comment_status":"closed","ping_status":"closed","template":"","meta":{"_monsterinsights_skip_tracking":false,"_monsterinsights_sitenote_active":false,"_monsterinsights_sitenote_note":"","_monsterinsights_sitenote_category":0,"_uf_show_specific_survey":0,"_uf_disable_surveys":false},"product_brand":[],"product_cat":[60],"product_tag":[],"class_list":{"0":"post-3965","1":"product","2":"type-product","3":"status-publish","4":"has-post-thumbnail","6":"product_cat-jbl","7":"pa_3-litir-i-bodi-dokkblar","8":"pa_3-litir-i-bodi-svartur","9":"pa_3-litir-i-bodi-teal-graenn","11":"first","12":"outofstock","13":"shipping-taxable","14":"purchasable","15":"product-type-simple"},"aioseo_notices":[],"_links":{"self":[{"href":"https:\/\/velvalid.is\/is\/wp-json\/wp\/v2\/product\/3965","targetHints":{"allow":["GET"]}}],"collection":[{"href":"https:\/\/velvalid.is\/is\/wp-json\/wp\/v2\/product"}],"about":[{"href":"https:\/\/velvalid.is\/is\/wp-json\/wp\/v2\/types\/product"}],"replies":[{"embeddable":true,"href":"https:\/\/velvalid.is\/is\/wp-json\/wp\/v2\/comments?post=3965"}],"wp:featuredmedia":[{"embeddable":true,"href":"https:\/\/velvalid.is\/is\/wp-json\/wp\/v2\/media\/3966"}],"wp:attachment":[{"href":"https:\/\/velvalid.is\/is\/wp-json\/wp\/v2\/media?parent=3965"}],"wp:term":[{"taxonomy":"product_brand","embeddable":true,"href":"https:\/\/velvalid.is\/is\/wp-json\/wp\/v2\/product_brand?post=3965"},{"taxonomy":"product_cat","embeddable":true,"href":"https:\/\/velvalid.is\/is\/wp-json\/wp\/v2\/product_cat?post=3965"},{"taxonomy":"product_tag","embeddable":true,"href":"https:\/\/velvalid.is\/is\/wp-json\/wp\/v2\/product_tag?post=3965"}],"curies":[{"name":"wp","href":"https:\/\/api.w.org\/{rel}","templated":true}]}}