{"id":4743,"date":"2024-10-08T09:23:41","date_gmt":"2024-10-08T09:23:41","guid":{"rendered":"https:\/\/hfrad.is\/?post_type=product&#038;p=4743"},"modified":"2025-08-27T09:43:13","modified_gmt":"2025-08-27T09:43:13","slug":"dyson-vacuum-cleaner-gen5-detect-absolute","status":"publish","type":"product","link":"https:\/\/velvalid.is\/is\/product\/dyson-vacuum-cleaner-gen5-detect-absolute\/","title":{"rendered":"Dyson Vacuum Cleaner Gen5 Detect Absolute"},"content":{"rendered":"<p><strong>Dyson Gen5 Detect Absolute<\/strong> \u2013 \u00d3tr\u00faleg kraftur og t\u00e6kni \u00ed ryksugu!<\/p>\n<p>Upplif\u00f0u byltingarkennda ryksugu me\u00f0 Dyson Gen5 Detect Absolute sem er n\u00fdjasta og fullkomnasta ryksuga fr\u00e1 Dyson. Me\u00f0 5. kynsl\u00f3\u00f0 af Hyperdymium m\u00f3tor sem sn\u00fdst \u00e1 \u00f3gnarhra\u00f0a 135.000 sn\u00faninga \u00e1 m\u00edn\u00fatu, getur \u00feessi l\u00e9tta en \u00f6fluga ryksuga teki\u00f0 \u00e1 sig hva\u00f0 sem er \u2013 allt fr\u00e1 f\u00ednger\u00f0um ryki til st\u00f3rra agna.<\/p>\n<ul>\n<li><strong>Laser Dust Detect t\u00e6kni<\/strong>: Laser l\u00fdsir upp \u00f3s\u00fdnilegt ryk \u00e1 h\u00f6r\u00f0um g\u00f3lfum svo \u00fe\u00fa getur hreinsa\u00f0 betur.<\/li>\n<li><strong>Fullkomin s\u00edun<\/strong>: Hreinsar \u00fatbl\u00e1sturslofti\u00f0 \u2013 fjarl\u00e6gir allt a\u00f0 99,99% \u00f6ragnir eins sm\u00e1ar og 0,3 m\u00edkron.<\/li>\n<li><strong>LCD-skj\u00e1r<\/strong>: Fylgstu me\u00f0 afk\u00f6stum \u00ed raunt\u00edma \u2013 s\u00fdnir endingu rafhl\u00f6\u00f0u, hreinsunarstillingar og greinir hversu miki\u00f0 ryk hefur veri\u00f0 fjarl\u00e6gt.<\/li>\n<li><strong>Langvarandi rafhl\u00f6\u00f0uending<\/strong>: H\u00e1marks ending \u00ed allt a\u00f0 70 m\u00edn\u00fatur, svo \u00fe\u00fa getur \u00ferifin \u00f3hindra\u00f0.<\/li>\n<li><strong>Fj\u00f6lnota fylgihlutir<\/strong>: Ryksuga\u00f0u allt fr\u00e1 g\u00f3lfi til lofts me\u00f0 margv\u00edslegum bursta og fylgihlutum, hvort sem \u00fea\u00f0 eru h\u00f6r\u00f0 g\u00f3lf, teppi e\u00f0a \u00fer\u00f6ng r\u00fdmi.<\/li>\n<\/ul>\n<p>\u00deessi byltingarkennda ryksuga er h\u00f6nnu\u00f0 til a\u00f0 gera \u00ferifin au\u00f0veldari, skilvirkari og snjallari. H\u00e6ttu a\u00f0 s\u00e6tta \u00feig vi\u00f0 minna \u2013 me\u00f0 <strong>Dyson Gen5 Detect Absolute<\/strong> f\u00e6r\u00f0u fullkomnun \u00ed hvert skipti.<\/p>\n<p><iframe title=\"How to set up and use your Dyson Gen5detect\u2122 cordless vacuum\" src=\"https:\/\/www.youtube.com\/embed\/TJsOj6EuorQ\" width=\"909\" height=\"511\" frameborder=\"0\" allowfullscreen=\"allowfullscreen\"><\/iframe><\/p>","protected":false},"excerpt":{"rendered":"<p>Dyson Gen5 Detect Absolute \u2013 \u00d3tr\u00faleg kraftur og t\u00e6kni \u00ed ryksugu! Upplif\u00f0u byltingarkennda ryksugu me\u00f0 Dyson Gen5 Detect Absolute sem er n\u00fdjasta og fullkomnasta ryksuga fr\u00e1 Dyson. Me\u00f0 5. kynsl\u00f3\u00f0 af Hyperdymium m\u00f3tor sem sn\u00fdst \u00e1 \u00f3gnarhra\u00f0a 135.000 sn\u00faninga \u00e1 m\u00edn\u00fatu, getur \u00feessi l\u00e9tta en \u00f6fluga ryksuga teki\u00f0 \u00e1 sig hva\u00f0 sem er \u2013 allt [&hellip;]<\/p>","protected":false},"featured_media":4744,"comment_status":"closed","ping_status":"closed","template":"","meta":{"_monsterinsights_skip_tracking":false,"_monsterinsights_sitenote_active":false,"_monsterinsights_sitenote_note":"","_monsterinsights_sitenote_category":0,"_uf_show_specific_survey":0,"_uf_disable_surveys":false},"product_brand":[],"product_cat":[44],"product_tag":[],"class_list":{"0":"post-4743","1":"product","2":"type-product","3":"status-publish","4":"has-post-thumbnail","6":"product_cat-dyson","8":"first","9":"onbackorder","10":"taxable","11":"shipping-taxable","12":"purchasable","13":"product-type-simple"},"aioseo_notices":[],"_links":{"self":[{"href":"https:\/\/velvalid.is\/is\/wp-json\/wp\/v2\/product\/4743","targetHints":{"allow":["GET"]}}],"collection":[{"href":"https:\/\/velvalid.is\/is\/wp-json\/wp\/v2\/product"}],"about":[{"href":"https:\/\/velvalid.is\/is\/wp-json\/wp\/v2\/types\/product"}],"replies":[{"embeddable":true,"href":"https:\/\/velvalid.is\/is\/wp-json\/wp\/v2\/comments?post=4743"}],"wp:featuredmedia":[{"embeddable":true,"href":"https:\/\/velvalid.is\/is\/wp-json\/wp\/v2\/media\/4744"}],"wp:attachment":[{"href":"https:\/\/velvalid.is\/is\/wp-json\/wp\/v2\/media?parent=4743"}],"wp:term":[{"taxonomy":"product_brand","embeddable":true,"href":"https:\/\/velvalid.is\/is\/wp-json\/wp\/v2\/product_brand?post=4743"},{"taxonomy":"product_cat","embeddable":true,"href":"https:\/\/velvalid.is\/is\/wp-json\/wp\/v2\/product_cat?post=4743"},{"taxonomy":"product_tag","embeddable":true,"href":"https:\/\/velvalid.is\/is\/wp-json\/wp\/v2\/product_tag?post=4743"}],"curies":[{"name":"wp","href":"https:\/\/api.w.org\/{rel}","templated":true}]}}