{"id":4931,"date":"2024-10-16T11:34:34","date_gmt":"2024-10-16T11:34:34","guid":{"rendered":"https:\/\/hfrad.is\/?post_type=product&#038;p=4931"},"modified":"2026-02-11T12:40:25","modified_gmt":"2026-02-11T12:40:25","slug":"gopro-fusion-360","status":"publish","type":"product","link":"https:\/\/velvalid.is\/is\/product\/gopro-fusion-360\/","title":{"rendered":"GoPro Fusion 360*"},"content":{"rendered":"<p><strong>GoPro Fusion 360\u00b0<\/strong> \u2013 Taktu upp heiminn \u00ed 360 gr\u00e1\u00f0um!<\/p>\n<p>Me\u00f0 <strong>GoPro Fusion 360\u00b0<\/strong> getur\u00f0u teki\u00f0 upp allt sem gerist \u00ed kringum \u00feig, fr\u00e1 \u00f6llum sj\u00f3narhornum, \u00ed \u00f3tr\u00falegri 5.2K upplausn. \u00deetta tveggja linsa myndav\u00e9larkerfi fangar 360\u00b0 myndb\u00f6nd og lj\u00f3smyndir \u00ed h\u00e6sta g\u00e6\u00f0aflokki, sem \u00fe\u00fa getur s\u00ed\u00f0an breytt \u00ed t\u00f6frandi hef\u00f0bundnar myndir e\u00f0a deilt sem fullkomin VR upplifun. <strong>Fusion 360\u00b0<\/strong> er vatnsheld a\u00f0 5 metrum og kemur me\u00f0 h\u00e1g\u00e6\u00f0a st\u00f6\u00f0ugleikat\u00e6kni, sem tryggir jafna og titringslausa myndat\u00f6ku \u00e1n \u00fe\u00f6rf fyrir s\u00e9rh\u00e6f\u00f0a gimbal.<\/p>\n<ul>\n<li><strong>5.2K 360\u00b0 upptaka<\/strong>: Skilar \u00f3tr\u00falegum myndb\u00f6ndum og myndum sem n\u00e1 yfir alla sj\u00f3narhorna.<\/li>\n<li><strong>Vatnsheld ni\u00f0ur \u00e1 5 metra<\/strong>: Fullkomi\u00f0 fyrir vatnasport og \u00e6vint\u00fdrafer\u00f0ir \u00ed votlendi.<\/li>\n<li><strong>OverCapture t\u00e6kni<\/strong>: Umbreyttu 360\u00b0 myndefni \u00ed hef\u00f0bundin 1080p myndb\u00f6nd me\u00f0 au\u00f0veldri klippingu og stj\u00f3rn.<\/li>\n<li><strong>Innbygg\u00f0 myndst\u00f6\u00f0ugleiki<\/strong>: Gerir uppt\u00f6kur jafnar, \u00e1n titrings e\u00f0a \u00f3\u00e6skilegra hreyfinga.<\/li>\n<\/ul>\n<p>Hvort sem \u00fe\u00fa vilt fanga heiminn \u00ed VR e\u00f0a einfaldlega vilja \u00f6ll sj\u00f3narhorn \u00ed einu, \u00fe\u00e1 er <strong>GoPro Fusion 360\u00b0<\/strong> t\u00e6ki\u00f0 sem opnar dyrnar a\u00f0 n\u00fdrri upplifun af uppt\u00f6ku og myndager\u00f0.<\/p>\n<p><iframe title=\"GoPro: Introducing GoPro Fusion Studio\" src=\"https:\/\/www.youtube.com\/embed\/83ncqGz7mfs\" width=\"909\" height=\"511\" frameborder=\"0\" allowfullscreen=\"allowfullscreen\"><\/iframe><\/p>","protected":false},"excerpt":{"rendered":"<p>GoPro Fusion 360\u00b0 \u2013 Taktu upp heiminn \u00ed 360 gr\u00e1\u00f0um! Me\u00f0 GoPro Fusion 360\u00b0 getur\u00f0u teki\u00f0 upp allt sem gerist \u00ed kringum \u00feig, fr\u00e1 \u00f6llum sj\u00f3narhornum, \u00ed \u00f3tr\u00falegri 5.2K upplausn. \u00deetta tveggja linsa myndav\u00e9larkerfi fangar 360\u00b0 myndb\u00f6nd og lj\u00f3smyndir \u00ed h\u00e6sta g\u00e6\u00f0aflokki, sem \u00fe\u00fa getur s\u00ed\u00f0an breytt \u00ed t\u00f6frandi hef\u00f0bundnar myndir e\u00f0a deilt sem fullkomin [&hellip;]<\/p>","protected":false},"featured_media":4932,"comment_status":"closed","ping_status":"closed","template":"","meta":{"_monsterinsights_skip_tracking":false,"_monsterinsights_sitenote_active":false,"_monsterinsights_sitenote_note":"","_monsterinsights_sitenote_category":0,"_uf_show_specific_survey":0,"_uf_disable_surveys":false},"product_brand":[],"product_cat":[92],"product_tag":[],"class_list":{"0":"post-4931","1":"product","2":"type-product","3":"status-publish","4":"has-post-thumbnail","6":"product_cat-gopro","8":"first","9":"outofstock","10":"taxable","11":"shipping-taxable","12":"purchasable","13":"product-type-simple"},"aioseo_notices":[],"_links":{"self":[{"href":"https:\/\/velvalid.is\/is\/wp-json\/wp\/v2\/product\/4931","targetHints":{"allow":["GET"]}}],"collection":[{"href":"https:\/\/velvalid.is\/is\/wp-json\/wp\/v2\/product"}],"about":[{"href":"https:\/\/velvalid.is\/is\/wp-json\/wp\/v2\/types\/product"}],"replies":[{"embeddable":true,"href":"https:\/\/velvalid.is\/is\/wp-json\/wp\/v2\/comments?post=4931"}],"wp:featuredmedia":[{"embeddable":true,"href":"https:\/\/velvalid.is\/is\/wp-json\/wp\/v2\/media\/4932"}],"wp:attachment":[{"href":"https:\/\/velvalid.is\/is\/wp-json\/wp\/v2\/media?parent=4931"}],"wp:term":[{"taxonomy":"product_brand","embeddable":true,"href":"https:\/\/velvalid.is\/is\/wp-json\/wp\/v2\/product_brand?post=4931"},{"taxonomy":"product_cat","embeddable":true,"href":"https:\/\/velvalid.is\/is\/wp-json\/wp\/v2\/product_cat?post=4931"},{"taxonomy":"product_tag","embeddable":true,"href":"https:\/\/velvalid.is\/is\/wp-json\/wp\/v2\/product_tag?post=4931"}],"curies":[{"name":"wp","href":"https:\/\/api.w.org\/{rel}","templated":true}]}}