{"id":5023,"date":"2024-10-29T09:14:40","date_gmt":"2024-10-29T09:14:40","guid":{"rendered":"https:\/\/hfrad.is\/?post_type=product&#038;p=5023"},"modified":"2025-11-27T13:20:10","modified_gmt":"2025-11-27T13:20:10","slug":"dyson-hd16-supersonic-nural-harblasari","status":"publish","type":"product","link":"https:\/\/velvalid.is\/is\/product\/dyson-hd16-supersonic-nural-harblasari\/","title":{"rendered":"Dyson HD16 Supersonic Nural H\u00e1rbl\u00e1sari"},"content":{"rendered":"<h3>Dyson HD16 Supersonic Nural Hair Dryer &#8211; Strawberry Copper\/Blush Pink<\/h3>\n<p><strong>L\u00fdsing:<\/strong> Dyson Supersonic HD16 h\u00e1rbl\u00e1sarinn f\u00e6rir \u00fe\u00e9r faglega h\u00e1rme\u00f0fer\u00f0 \u00ed \u00fe\u00edna eigin hendur. Me\u00f0 h\u00e1\u00fer\u00f3a\u00f0ri t\u00e6kni og einstakri h\u00f6nnun tryggir hann a\u00f0 h\u00e1ri\u00f0 f\u00e1i jafna, milda hitame\u00f0fer\u00f0 sem verndar h\u00e1ri\u00f0 gegn hita- og rakaskemmdum. HD16 kemur \u00ed einstaklega fallegum strawberry copper lit\u00a0sem er jafn gl\u00e6silegur og hann er \u00e1rangursr\u00edkur.<\/p>\n<p><strong>Helstu eiginleikar:<\/strong><\/p>\n<ul>\n<li><strong>Hitastillir:<\/strong> M\u00e6lir hitastigi\u00f0 40 sinnum \u00e1 sek\u00fandu til a\u00f0 vernda h\u00e1ri\u00f0 gegn hitaskemmdum.<\/li>\n<li><strong>Digital V9 m\u00f3torinn:<\/strong> Hr\u00f6\u00f0, skilvirk \u00feurrkun fyrir mismunandi h\u00e1rger\u00f0ir, \u00fe\u00f6kk s\u00e9 \u00f6flugum Dyson V9 m\u00f3tornum.<\/li>\n<li><strong>Fj\u00f6lh\u00e6f og \u00e1hrifar\u00edk m\u00f3tun:<\/strong> Me\u00f0 fj\u00f6lda segulfestinga fyrir \u00fdmsar h\u00e1rgrei\u00f0slur, m.a. Diffuser og Smoothing nozzles fyrir krulla\u00f0, sl\u00e9tt e\u00f0a n\u00e1tt\u00farulegt \u00fatlit.<\/li>\n<li><strong>N\u00fdt\u00edskulegur litur:<\/strong> <strong>Strawberry Copper<\/strong>\u00a0fyrir \u00fe\u00e1 sem vilja sameina st\u00edl og virkni.<\/li>\n<li><strong>Stafr\u00e6nn m\u00f3tor og h\u00e1t\u00e6kni loftfl\u00e6\u00f0i:<\/strong> H\u00e1rme\u00f0fer\u00f0 sem b\u00e6tir glj\u00e1a og m\u00fdkir h\u00e1ri\u00f0.<\/li>\n<\/ul>\n<p>fj\u00f6lda aukahluta fylgja me\u00f0<\/p>\n<p>Dyson HD16 Supersonic er fullkomin fyrir alla sem vilja bl\u00e1sa h\u00e1ri\u00f0 \u00e1 s\u00e9r flj\u00f3tt, me\u00f0 engum h\u00e1va\u00f0a og skemma ekki h\u00e1ri\u00f0 \u00ed lei\u00f0inni.<\/p>","protected":false},"excerpt":{"rendered":"<p>Dyson HD16 Supersonic Nural Hair Dryer &#8211; Strawberry Copper\/Blush Pink L\u00fdsing: Dyson Supersonic HD16 h\u00e1rbl\u00e1sarinn f\u00e6rir \u00fe\u00e9r faglega h\u00e1rme\u00f0fer\u00f0 \u00ed \u00fe\u00edna eigin hendur. Me\u00f0 h\u00e1\u00fer\u00f3a\u00f0ri t\u00e6kni og einstakri h\u00f6nnun tryggir hann a\u00f0 h\u00e1ri\u00f0 f\u00e1i jafna, milda hitame\u00f0fer\u00f0 sem verndar h\u00e1ri\u00f0 gegn hita- og rakaskemmdum. HD16 kemur \u00ed einstaklega fallegum strawberry copper lit\u00a0sem er jafn gl\u00e6silegur [&hellip;]<\/p>","protected":false},"featured_media":5024,"comment_status":"closed","ping_status":"closed","template":"","meta":{"_monsterinsights_skip_tracking":false,"_monsterinsights_sitenote_active":false,"_monsterinsights_sitenote_note":"","_monsterinsights_sitenote_category":0,"_uf_show_specific_survey":0,"_uf_disable_surveys":false},"product_brand":[],"product_cat":[44],"product_tag":[],"class_list":{"0":"post-5023","1":"product","2":"type-product","3":"status-publish","4":"has-post-thumbnail","6":"product_cat-dyson","8":"first","9":"instock","10":"sale","11":"taxable","12":"shipping-taxable","13":"purchasable","14":"product-type-simple"},"aioseo_notices":[],"_links":{"self":[{"href":"https:\/\/velvalid.is\/is\/wp-json\/wp\/v2\/product\/5023","targetHints":{"allow":["GET"]}}],"collection":[{"href":"https:\/\/velvalid.is\/is\/wp-json\/wp\/v2\/product"}],"about":[{"href":"https:\/\/velvalid.is\/is\/wp-json\/wp\/v2\/types\/product"}],"replies":[{"embeddable":true,"href":"https:\/\/velvalid.is\/is\/wp-json\/wp\/v2\/comments?post=5023"}],"wp:featuredmedia":[{"embeddable":true,"href":"https:\/\/velvalid.is\/is\/wp-json\/wp\/v2\/media\/5024"}],"wp:attachment":[{"href":"https:\/\/velvalid.is\/is\/wp-json\/wp\/v2\/media?parent=5023"}],"wp:term":[{"taxonomy":"product_brand","embeddable":true,"href":"https:\/\/velvalid.is\/is\/wp-json\/wp\/v2\/product_brand?post=5023"},{"taxonomy":"product_cat","embeddable":true,"href":"https:\/\/velvalid.is\/is\/wp-json\/wp\/v2\/product_cat?post=5023"},{"taxonomy":"product_tag","embeddable":true,"href":"https:\/\/velvalid.is\/is\/wp-json\/wp\/v2\/product_tag?post=5023"}],"curies":[{"name":"wp","href":"https:\/\/api.w.org\/{rel}","templated":true}]}}