{"id":5259,"date":"2024-11-21T10:36:40","date_gmt":"2024-11-21T10:36:40","guid":{"rendered":"https:\/\/hfrad.is\/?post_type=product&#038;p=5259"},"modified":"2025-08-27T09:42:48","modified_gmt":"2025-08-27T09:42:48","slug":"dyson-vacuum-cleaner-big-ball","status":"publish","type":"product","link":"https:\/\/velvalid.is\/is\/product\/dyson-vacuum-cleaner-big-ball\/","title":{"rendered":"Dyson Vacuum Cleaner Big Ball"},"content":{"rendered":"<p><strong>Dyson Vacuum Cleaner Big Ball Parquet 2 \u2013 Snjallari \u00ferif, au\u00f0veldara l\u00edf!<\/strong><\/p>\n<p><strong>Dyson Big Ball Parquet 2<\/strong> ryksugan er h\u00f6nnu\u00f0 fyrir fullkomin \u00ferif \u00e1 \u00f6llum g\u00f3lfger\u00f0um, s\u00e9rstaklega parketi. Me\u00f0 h\u00e1\u00fer\u00f3a\u00f0ri t\u00e6kni og notendav\u00e6nni h\u00f6nnun b\u00e6tir h\u00fan hreingerningarnar og tryggir a\u00f0 ekkert ryk sleppi framhj\u00e1.<\/p>\n<ol>\n<li><strong>Sj\u00e1lfreisandi h\u00f6nnun<\/strong><br \/>\nEf ryksugan veltur um koll, reisir h\u00fan sig sj\u00e1lf. \u00de\u00fa \u00fearft ekki a\u00f0 ey\u00f0a t\u00edma \u00ed a\u00f0 laga hana \u00e1 me\u00f0an \u00fe\u00fa vinnur.<\/li>\n<li><strong>Kraftmikil soggeta<\/strong><br \/>\nMe\u00f0 2 Tier Radial\u2122 s\u00edl\u00f3nat\u00e6kni sem tryggir h\u00e1marks afk\u00f6st \u00ed ryksogi. H\u00fan fangar b\u00e6\u00f0i f\u00ednt ryk og st\u00e6rri agnir, svo heimili\u00f0 ver\u00f0ur tandurhreint.<\/li>\n<li><strong>Mj\u00fakur Parquet-bursti<\/strong><br \/>\nS\u00e9rhanna\u00f0ur fyrir vi\u00f0kv\u00e6m g\u00f3lf eins og parket. Burstinn er mildur vi\u00f0 yfirbor\u00f0i\u00f0 og kemur \u00ed veg fyrir rispur.<\/li>\n<li><strong>St\u00f3r rykh\u00f3lf<\/strong><br \/>\nMe\u00f0 au\u00f0veldri losun \u00e1 ryki \u2013 einungis eitt smell og allt er hreint!<\/li>\n<li><strong>Hygienic filter kerfi<\/strong><br \/>\nFangar ofn\u00e6misvaka og sm\u00e1s\u00e6 rykagnir til a\u00f0 b\u00e6ta loftg\u00e6\u00f0i innandyra. Fullkomi\u00f0 fyrir \u00fe\u00e1 sem \u00fej\u00e1st af ofn\u00e6mi.<\/li>\n<li><strong>Au\u00f0velt a\u00f0 stj\u00f3rna<\/strong><br \/>\nK\u00falulaga h\u00f6nnun gerir hana lipra \u00ed me\u00f0f\u00f6rum, og h\u00fan fylgir \u00fe\u00e9r \u00e1reynslulaust um allt heimili\u00f0.<\/li>\n<li><strong>Langur sn\u00faru- og sl\u00f6ngureach<\/strong><br \/>\nMe\u00f0 st\u00f3rt vinnusv\u00e6\u00f0i \u00e1n \u00feess a\u00f0 \u00feurfa a\u00f0 endurstinga rafmagnssn\u00faruna.<\/li>\n<\/ol>\n<h3><strong>T\u00e6knilegar uppl\u00fdsingar:<\/strong><\/h3>\n<ul>\n<li><strong>\u00deyngd:<\/strong> 7.5 kg<\/li>\n<li><strong>M\u00e1l:<\/strong> 34 x 29 x 39 cm<\/li>\n<li><strong>Sn\u00farulengd:<\/strong> 6.6 m<\/li>\n<li><strong>Ryksugub\u00fana\u00f0ur:<\/strong> Mj\u00fakur parketbursti, Combination tool<\/li>\n<li><strong>Orkun\u00fdting:<\/strong> A-flokkur<\/li>\n<li><strong>Ryklosun:<\/strong> Snertilaus<\/li>\n<\/ul>\n<h3><strong>Af hverju a\u00f0 velja Dyson Big Ball Parquet 2?<\/strong><\/h3>\n<ul>\n<li>N\u00fdst\u00e1rleg t\u00e6kni tryggir betri afk\u00f6st og minni fyrirh\u00f6fn.<\/li>\n<li>Endingarg\u00f3\u00f0 og \u00e1rei\u00f0anleg h\u00f6nnun fr\u00e1 heims\u00feekktu v\u00f6rumerki.<\/li>\n<li>Fyrir heimili sem krefjast fullkomnustu lausna \u00ed hreinsun.<\/li>\n<\/ul>\n<p>F\u00e1\u00f0u \u00fe\u00e9r <strong>Dyson Big Ball Parquet 2<\/strong> \u00ed dag og lyftu hreingerningum \u00e1 n\u00e6sta stig!<\/p>\n<p>&nbsp;<\/p>\n<p><iframe title=\"The Dyson Cinetic\u2122 Big Ball cylinder vacuum. The perfect remedy to common vacuum issues\" src=\"https:\/\/www.youtube.com\/embed\/_-qFPOQyE98\" width=\"1022\" height=\"575\" frameborder=\"0\" allowfullscreen=\"allowfullscreen\"><\/iframe><\/p>","protected":false},"excerpt":{"rendered":"<p>Dyson Vacuum Cleaner Big Ball Parquet 2 \u2013 Snjallari \u00ferif, au\u00f0veldara l\u00edf! Dyson Big Ball Parquet 2 ryksugan er h\u00f6nnu\u00f0 fyrir fullkomin \u00ferif \u00e1 \u00f6llum g\u00f3lfger\u00f0um, s\u00e9rstaklega parketi. Me\u00f0 h\u00e1\u00fer\u00f3a\u00f0ri t\u00e6kni og notendav\u00e6nni h\u00f6nnun b\u00e6tir h\u00fan hreingerningarnar og tryggir a\u00f0 ekkert ryk sleppi framhj\u00e1. Sj\u00e1lfreisandi h\u00f6nnun Ef ryksugan veltur um koll, reisir h\u00fan sig sj\u00e1lf. [&hellip;]<\/p>","protected":false},"featured_media":5260,"comment_status":"closed","ping_status":"closed","template":"","meta":{"_monsterinsights_skip_tracking":false,"_monsterinsights_sitenote_active":false,"_monsterinsights_sitenote_note":"","_monsterinsights_sitenote_category":0,"_uf_show_specific_survey":0,"_uf_disable_surveys":false},"product_brand":[],"product_cat":[44],"product_tag":[],"class_list":{"0":"post-5259","1":"product","2":"type-product","3":"status-publish","4":"has-post-thumbnail","6":"product_cat-dyson","8":"first","9":"outofstock","10":"taxable","11":"shipping-taxable","12":"purchasable","13":"product-type-simple"},"aioseo_notices":[],"_links":{"self":[{"href":"https:\/\/velvalid.is\/is\/wp-json\/wp\/v2\/product\/5259","targetHints":{"allow":["GET"]}}],"collection":[{"href":"https:\/\/velvalid.is\/is\/wp-json\/wp\/v2\/product"}],"about":[{"href":"https:\/\/velvalid.is\/is\/wp-json\/wp\/v2\/types\/product"}],"replies":[{"embeddable":true,"href":"https:\/\/velvalid.is\/is\/wp-json\/wp\/v2\/comments?post=5259"}],"wp:featuredmedia":[{"embeddable":true,"href":"https:\/\/velvalid.is\/is\/wp-json\/wp\/v2\/media\/5260"}],"wp:attachment":[{"href":"https:\/\/velvalid.is\/is\/wp-json\/wp\/v2\/media?parent=5259"}],"wp:term":[{"taxonomy":"product_brand","embeddable":true,"href":"https:\/\/velvalid.is\/is\/wp-json\/wp\/v2\/product_brand?post=5259"},{"taxonomy":"product_cat","embeddable":true,"href":"https:\/\/velvalid.is\/is\/wp-json\/wp\/v2\/product_cat?post=5259"},{"taxonomy":"product_tag","embeddable":true,"href":"https:\/\/velvalid.is\/is\/wp-json\/wp\/v2\/product_tag?post=5259"}],"curies":[{"name":"wp","href":"https:\/\/api.w.org\/{rel}","templated":true}]}}