{"id":5393,"date":"2024-11-28T11:23:21","date_gmt":"2024-11-28T11:23:21","guid":{"rendered":"https:\/\/hfrad.is\/?post_type=product&#038;p=5393"},"modified":"2025-03-21T11:55:20","modified_gmt":"2025-03-21T11:55:20","slug":"apple-magic-mouse","status":"publish","type":"product","link":"https:\/\/velvalid.is\/is\/product\/apple-magic-mouse\/","title":{"rendered":"Apple Magic Mouse"},"content":{"rendered":"<h3>Apple Magic Mouse \u2013 Snj\u00f6ll, st\u00edlhrein og \u00f3tr\u00falega notendav\u00e6n!<\/h3>\n<p><strong>Apple Magic Mouse<\/strong> er meira en bara m\u00fas \u2013 h\u00fan er fullkomin blanda af h\u00f6nnun, virkni og t\u00e6knilegri fullkomnun. Me\u00f0 \u00feunnum, l\u00e9ttum og strauml\u00ednul\u00f6gu\u00f0um h\u00f6nnunarst\u00edl er h\u00fan ekki a\u00f0eins \u00fe\u00e6gileg a\u00f0 nota heldur l\u00edka augnayndi \u00e1 skrifbor\u00f0inu.<\/p>\n<ol>\n<li><strong>Multi-Touch yfirbor\u00f0<\/strong> \u2013 Nota\u00f0u sveiflur og fingrahreyfingar til a\u00f0 fletta milli s\u00ed\u00f0na, skrunna \u00e1 l\u00f6ngum skj\u00f6lum e\u00f0a stj\u00f3rna kerfisfl\u00fdtiv\u00edsunum me\u00f0 \u00f3tr\u00falegri m\u00fdkt.<\/li>\n<li><strong>\u00der\u00e1\u00f0laus t\u00e6kni<\/strong> \u2013 Tengist \u00fer\u00e1\u00f0laust vi\u00f0 Mac-t\u00e6ki\u00f0 \u00feitt \u00ed gegnum Bluetooth fyrir tafarlausa og \u00e1rei\u00f0anlega tengingu. Engar sn\u00farur, engin fyrirh\u00f6fn.<\/li>\n<li><strong>Innbygg\u00f0ur endurhla\u00f0anlegur rafhl\u00f6\u00f0upakki<\/strong> \u2013 Me\u00f0 einstaklega g\u00f3\u00f0u rafhl\u00f6\u00f0uendingu getur\u00f0u nota\u00f0 m\u00fasina \u00ed marga daga \u00e1n \u00feess a\u00f0 hla\u00f0a hana \u2013 og \u00feegar \u00fe\u00fa \u00fearft, tengir\u00f0u hana einfaldlega me\u00f0 Lightning sn\u00faru.<\/li>\n<li><strong>Samstilling vi\u00f0 Apple umhverfi\u00f0<\/strong> \u2013 Hanna\u00f0 s\u00e9rstaklega fyrir Mac, sem tryggir fullkomna samh\u00e6fni og afk\u00f6st, hvort sem \u00fe\u00fa ert a\u00f0 vinna \u00ed h\u00f6nnun, ritstj\u00f3rn e\u00f0a vafra \u00e1 netinu.<\/li>\n<\/ol>","protected":false},"excerpt":{"rendered":"<p>Apple Magic Mouse \u2013 Snj\u00f6ll, st\u00edlhrein og \u00f3tr\u00falega notendav\u00e6n! Apple Magic Mouse er meira en bara m\u00fas \u2013 h\u00fan er fullkomin blanda af h\u00f6nnun, virkni og t\u00e6knilegri fullkomnun. Me\u00f0 \u00feunnum, l\u00e9ttum og strauml\u00ednul\u00f6gu\u00f0um h\u00f6nnunarst\u00edl er h\u00fan ekki a\u00f0eins \u00fe\u00e6gileg a\u00f0 nota heldur l\u00edka augnayndi \u00e1 skrifbor\u00f0inu. Multi-Touch yfirbor\u00f0 \u2013 Nota\u00f0u sveiflur og fingrahreyfingar til a\u00f0 [&hellip;]<\/p>","protected":false},"featured_media":5394,"comment_status":"closed","ping_status":"closed","template":"","meta":{"_monsterinsights_skip_tracking":false,"_monsterinsights_sitenote_active":false,"_monsterinsights_sitenote_note":"","_monsterinsights_sitenote_category":0,"_uf_show_specific_survey":0,"_uf_disable_surveys":false},"product_brand":[],"product_cat":[45],"product_tag":[],"class_list":{"0":"post-5393","1":"product","2":"type-product","3":"status-publish","4":"has-post-thumbnail","6":"product_cat-apple","8":"first","9":"outofstock","10":"taxable","11":"shipping-taxable","12":"purchasable","13":"product-type-simple"},"aioseo_notices":[],"_links":{"self":[{"href":"https:\/\/velvalid.is\/is\/wp-json\/wp\/v2\/product\/5393","targetHints":{"allow":["GET"]}}],"collection":[{"href":"https:\/\/velvalid.is\/is\/wp-json\/wp\/v2\/product"}],"about":[{"href":"https:\/\/velvalid.is\/is\/wp-json\/wp\/v2\/types\/product"}],"replies":[{"embeddable":true,"href":"https:\/\/velvalid.is\/is\/wp-json\/wp\/v2\/comments?post=5393"}],"wp:featuredmedia":[{"embeddable":true,"href":"https:\/\/velvalid.is\/is\/wp-json\/wp\/v2\/media\/5394"}],"wp:attachment":[{"href":"https:\/\/velvalid.is\/is\/wp-json\/wp\/v2\/media?parent=5393"}],"wp:term":[{"taxonomy":"product_brand","embeddable":true,"href":"https:\/\/velvalid.is\/is\/wp-json\/wp\/v2\/product_brand?post=5393"},{"taxonomy":"product_cat","embeddable":true,"href":"https:\/\/velvalid.is\/is\/wp-json\/wp\/v2\/product_cat?post=5393"},{"taxonomy":"product_tag","embeddable":true,"href":"https:\/\/velvalid.is\/is\/wp-json\/wp\/v2\/product_tag?post=5393"}],"curies":[{"name":"wp","href":"https:\/\/api.w.org\/{rel}","templated":true}]}}