{"id":5462,"date":"2024-12-09T09:33:44","date_gmt":"2024-12-09T09:33:44","guid":{"rendered":"https:\/\/hfrad.is\/?post_type=product&#038;p=5462"},"modified":"2025-03-04T13:35:09","modified_gmt":"2025-03-04T13:35:09","slug":"beats-studio-buds-silfur","status":"publish","type":"product","link":"https:\/\/velvalid.is\/is\/product\/beats-studio-buds-silfur\/","title":{"rendered":"Beats Studio Buds+ &#8211; Silfur"},"content":{"rendered":"<p><strong>Beats Studio Buds+ \u2013 \u00der\u00e1\u00f0laus hlj\u00f3\u00f0upplifun \u00e1 n\u00e6sta stigi!<\/strong><\/p>\n<p><strong>Beats Studio Buds+<\/strong> eru h\u00e1\u00fer\u00f3u\u00f0 \u00fer\u00e1\u00f0laus heyrnart\u00f3l sem sameina \u00farvals hlj\u00f3\u00f0, \u00fe\u00e6gindi og st\u00edlhreina h\u00f6nnun. Me\u00f0 betri hlj\u00f3\u00f0g\u00e6\u00f0um, h\u00e1\u00fer\u00f3a\u00f0ri t\u00e6kni og l\u00f6ngum rafhl\u00f6\u00f0uendingu eru \u00feau fullkomin fyrir t\u00f3nlistar\u00e1hugaf\u00f3lk og \u00fe\u00e1 sem eru \u00e1 fer\u00f0inni.<\/p>\n<p><strong>\u00darvals hlj\u00f3\u00f0g\u00e6\u00f0i<\/strong><\/p>\n<ol>\n<li style=\"list-style-type: none;\">\n<ul>\n<li>Hlj\u00f3\u00f0t\u00e6kni f\u00ednstillt fyrir dj\u00fapa bassa<\/li>\n<li>Fullkomin fyrir allar tegundir t\u00f3nlistar og fj\u00f6lbreytt efni.<\/li>\n<\/ul>\n<\/li>\n<li><strong>Active Noise Cancellation (ANC)<\/strong>\n<ul>\n<li>H\u00e1\u00fer\u00f3u\u00f0 hlj\u00f3\u00f0einangrun til a\u00f0 \u00fatiloka umhverfishlj\u00f3\u00f0 og veita \u00f3trufla\u00f0a hlustun.<\/li>\n<li>Transparency Mode gerir \u00fe\u00e9r kleift a\u00f0 heyra umhverfi \u00feegar \u00fe\u00f6rf krefur.<\/li>\n<\/ul>\n<\/li>\n<li><strong>\u00de\u00e6gileg og l\u00e9tt h\u00f6nnun<\/strong>\n<ul>\n<li>Sm\u00e1ger\u00f0 og \u00fe\u00e6gileg heyrnat\u00f3l sem passar fullkomlega \u00ed eyru me\u00f0 mismunandi st\u00e6r\u00f0um p\u00fa\u00f0a<\/li>\n<\/ul>\n<\/li>\n<li><strong>L\u00f6ng rafhl\u00f6\u00f0uending<\/strong>\n<ul>\n<li>Allt a\u00f0 9 klst spilun \u00e1 einni hle\u00f0slu og allt a\u00f0 36 klst me\u00f0 hle\u00f0sluboxinu.<\/li>\n<li>Stu\u00f0ningur vi\u00f0 hra\u00f0hle\u00f0slu \u2013 a\u00f0eins 5 m\u00edn\u00fatur \u00ed hle\u00f0slu gefa 1 klst spilun.<\/li>\n<\/ul>\n<\/li>\n<li><strong>IPX4 vatnsheldni<\/strong>\n<ul>\n<li>\u00deolir svita og rigningu, sem gerir \u00feau fullkomin fyrir \u00e6fingar og \u00fativist.<\/li>\n<\/ul>\n<\/li>\n<li><strong>Einfallt a\u00f0 tengjast<\/strong>\n<ul>\n<li>Quick Pairing b\u00e6\u00f0i fyrir Apple- og Android-t\u00e6ki.<\/li>\n<li>Hra\u00f0virk Bluetooth-tenging me\u00f0 st\u00f6\u00f0ugleika og litlum t\u00f6fum.<\/li>\n<\/ul>\n<\/li>\n<li><strong>Snj\u00f6ll st\u00fdring<\/strong>\n<ul>\n<li>Snertist\u00fdringar fyrir t\u00f3nlist, s\u00edmt\u00f6l og raddst\u00fdringu.<\/li>\n<li>Stu\u00f0ningur vi\u00f0 Siri og Google Assistant.<\/li>\n<\/ul>\n<\/li>\n<\/ol>\n<ul>\n<li><strong>Hlj\u00f3\u00f0einangrun:<\/strong> Active Noise Cancellation og Transparency Mode<\/li>\n<li><strong>Tenging:<\/strong> Bluetooth Class 1<\/li>\n<li><strong>Rafhl\u00f6\u00f0uending:<\/strong> 9 klst spilun \/ 36 klst me\u00f0 hle\u00f0sluboxi<\/li>\n<li><strong>Vatnsheldni:<\/strong> IPX4<\/li>\n<li><strong>St\u00fdring:<\/strong> Snertist\u00fdringar og raddst\u00fdring<\/li>\n<li><strong>Litur:<\/strong> Bleik og Silfur<\/li>\n<\/ul>","protected":false},"excerpt":{"rendered":"<p>Beats Studio Buds+ \u2013 \u00der\u00e1\u00f0laus hlj\u00f3\u00f0upplifun \u00e1 n\u00e6sta stigi! Beats Studio Buds+ eru h\u00e1\u00fer\u00f3u\u00f0 \u00fer\u00e1\u00f0laus heyrnart\u00f3l sem sameina \u00farvals hlj\u00f3\u00f0, \u00fe\u00e6gindi og st\u00edlhreina h\u00f6nnun. Me\u00f0 betri hlj\u00f3\u00f0g\u00e6\u00f0um, h\u00e1\u00fer\u00f3a\u00f0ri t\u00e6kni og l\u00f6ngum rafhl\u00f6\u00f0uendingu eru \u00feau fullkomin fyrir t\u00f3nlistar\u00e1hugaf\u00f3lk og \u00fe\u00e1 sem eru \u00e1 fer\u00f0inni. \u00darvals hlj\u00f3\u00f0g\u00e6\u00f0i Hlj\u00f3\u00f0t\u00e6kni f\u00ednstillt fyrir dj\u00fapa bassa Fullkomin fyrir allar tegundir t\u00f3nlistar [&hellip;]<\/p>","protected":false},"featured_media":5463,"comment_status":"closed","ping_status":"closed","template":"","meta":{"_monsterinsights_skip_tracking":false,"_monsterinsights_sitenote_active":false,"_monsterinsights_sitenote_note":"","_monsterinsights_sitenote_category":0,"_uf_show_specific_survey":0,"_uf_disable_surveys":false},"product_brand":[],"product_cat":[55],"product_tag":[],"class_list":{"0":"post-5462","1":"product","2":"type-product","3":"status-publish","4":"has-post-thumbnail","6":"product_cat-beast","8":"first","9":"outofstock","10":"taxable","11":"shipping-taxable","12":"purchasable","13":"product-type-simple"},"aioseo_notices":[],"_links":{"self":[{"href":"https:\/\/velvalid.is\/is\/wp-json\/wp\/v2\/product\/5462","targetHints":{"allow":["GET"]}}],"collection":[{"href":"https:\/\/velvalid.is\/is\/wp-json\/wp\/v2\/product"}],"about":[{"href":"https:\/\/velvalid.is\/is\/wp-json\/wp\/v2\/types\/product"}],"replies":[{"embeddable":true,"href":"https:\/\/velvalid.is\/is\/wp-json\/wp\/v2\/comments?post=5462"}],"wp:featuredmedia":[{"embeddable":true,"href":"https:\/\/velvalid.is\/is\/wp-json\/wp\/v2\/media\/5463"}],"wp:attachment":[{"href":"https:\/\/velvalid.is\/is\/wp-json\/wp\/v2\/media?parent=5462"}],"wp:term":[{"taxonomy":"product_brand","embeddable":true,"href":"https:\/\/velvalid.is\/is\/wp-json\/wp\/v2\/product_brand?post=5462"},{"taxonomy":"product_cat","embeddable":true,"href":"https:\/\/velvalid.is\/is\/wp-json\/wp\/v2\/product_cat?post=5462"},{"taxonomy":"product_tag","embeddable":true,"href":"https:\/\/velvalid.is\/is\/wp-json\/wp\/v2\/product_tag?post=5462"}],"curies":[{"name":"wp","href":"https:\/\/api.w.org\/{rel}","templated":true}]}}