{"id":5749,"date":"2025-10-14T11:36:41","date_gmt":"2025-10-14T11:36:41","guid":{"rendered":"https:\/\/velvalid.is\/?post_type=product&#038;p=5749"},"modified":"2025-11-12T10:02:40","modified_gmt":"2025-11-12T10:02:40","slug":"garmin-vivoactive-5-svart","status":"publish","type":"product","link":"https:\/\/velvalid.is\/is\/product\/garmin-vivoactive-5-svart\/","title":{"rendered":"Garmin Vivoactive 5 &#8211; svart"},"content":{"rendered":"<h3 data-start=\"131\" data-end=\"160\">\u231a <strong data-start=\"137\" data-end=\"160\">Garmin Vivoactive 5<\/strong><\/h3>\n<p data-start=\"162\" data-end=\"256\"><strong data-start=\"162\" data-end=\"256\">Fullkomi\u00f0 snjall\u00far fyrir alla sem vilja fylgjast me\u00f0 hreyfingu, heilsu og l\u00edfi \u2013 me\u00f0 st\u00edl.<\/strong><\/p>\n<p data-start=\"258\" data-end=\"458\">Vivoactive 5 sameinar fallega h\u00f6nnun, snjalla virkni og n\u00e1kv\u00e6mar m\u00e6lingar. -st\u00edlhreint, l\u00e9tt og \u00fe\u00e6gilegt \u00ed daglegri notkun.<\/p>\n<hr data-start=\"460\" data-end=\"463\" \/>\n<h3 data-start=\"465\" data-end=\"494\">\ud83c\udf1f <strong data-start=\"472\" data-end=\"494\">Helstu eiginleikar<\/strong><\/h3>\n<ul data-start=\"496\" data-end=\"2176\">\n<li data-start=\"496\" data-end=\"594\">\n<p data-start=\"498\" data-end=\"594\"><strong data-start=\"498\" data-end=\"507\">Skj\u00e1r<\/strong>: 1,2\u2033 AMOLED me\u00f0 m\u00f6guleika \u00e1 <em data-start=\"537\" data-end=\"553\">Always-On Mode<\/em>.<\/p>\n<\/li>\n<li data-start=\"595\" data-end=\"744\">\n<p data-start=\"597\" data-end=\"744\"><strong data-start=\"597\" data-end=\"615\">Rafhl\u00f6\u00f0uending<\/strong>: allt a\u00f0 <strong data-start=\"625\" data-end=\"637\">11 dagar<\/strong> \u00ed snjall\u00far-stillingu, u.\u00fe.b. 5 dagar ef Always-On skj\u00e1r er virkur.<\/p>\n<\/li>\n<li data-start=\"745\" data-end=\"835\">\n<p data-start=\"747\" data-end=\"835\"><strong data-start=\"747\" data-end=\"759\">Vatns\u00feol<\/strong>: 5 ATM \u2014 \u00feolir vatn, h\u00e6gt a\u00f0 synda<\/p>\n<\/li>\n<li data-start=\"836\" data-end=\"1025\">\n<p data-start=\"838\" data-end=\"1025\"><strong data-start=\"838\" data-end=\"866\">GPS &amp; st\u00f6\u00f0ug sta\u00f0setning<\/strong>: Innbyggt GNSS (GPS + fleiri kerfi) \u2014 \u00fe\u00fa getur fylgst me\u00f0 vegalengd, hra\u00f0a og sta\u00f0setningu \u00e1n \u00feess a\u00f0 vera me\u00f0 s\u00edmann.<\/p>\n<\/li>\n<li data-start=\"1026\" data-end=\"1412\">\n<p data-start=\"1028\" data-end=\"1060\"><strong data-start=\"1028\" data-end=\"1057\">Heilsu- og l\u00edkamsm\u00e6lingar<\/strong>:<\/p>\n<ul data-start=\"1063\" data-end=\"1412\">\n<li data-start=\"1063\" data-end=\"1135\">\n<p data-start=\"1065\" data-end=\"1135\">P\u00falsm\u00e6ling allan s\u00f3larhringinn<\/p>\n<\/li>\n<li data-start=\"1138\" data-end=\"1192\">\n<p data-start=\"1140\" data-end=\"1192\">VO\u2082 max mati<\/p>\n<\/li>\n<li data-start=\"1195\" data-end=\"1259\">\n<p data-start=\"1197\" data-end=\"1259\">Body Battery\u2122 orkustig<\/p>\n<\/li>\n<li data-start=\"1262\" data-end=\"1333\">\n<p data-start=\"1264\" data-end=\"1333\">Svefngreining og \u00f6ndunarhra\u00f0i<\/p>\n<\/li>\n<li data-start=\"1336\" data-end=\"1412\">\n<p data-start=\"1338\" data-end=\"1412\">Stressm\u00e6lingar, dagssterk og hv\u00edld<\/p>\n<\/li>\n<\/ul>\n<\/li>\n<li data-start=\"1413\" data-end=\"1651\">\n<p data-start=\"1415\" data-end=\"1450\"><strong data-start=\"1415\" data-end=\"1447\">\u00c6finga- og \u00ed\u00fer\u00f3ttam\u00f6guleikar<\/strong>:<\/p>\n<ul data-start=\"1453\" data-end=\"1651\">\n<li data-start=\"1453\" data-end=\"1570\">\n<p data-start=\"1455\" data-end=\"1570\">Fj\u00f6lmargar forstilltar \u00ed\u00fer\u00f3ttastillingar (hlaup, g\u00f6ngur, hj\u00f3l, yoga o.fl.).<\/p>\n<\/li>\n<li data-start=\"1573\" data-end=\"1651\">\n<p data-start=\"1575\" data-end=\"1651\">Garmin Coach fyrir \u00e6finga\u00e1\u00e6tlanir.<\/p>\n<\/li>\n<\/ul>\n<\/li>\n<li data-start=\"1652\" data-end=\"1841\">\n<p data-start=\"1654\" data-end=\"1841\"><strong data-start=\"1654\" data-end=\"1680\">T\u00f3nlist &amp; snjallvirkni<\/strong>: 4 GB geymsla \u2014 h\u00e6gt a\u00f0 vista lagalista og hlusta \u00e1n \u00feess a\u00f0 vera me\u00f0 s\u00edmann; Bluetooth-eyru hlj\u00f3mt\u00e6ki tengjast beint<\/p>\n<\/li>\n<li data-start=\"1842\" data-end=\"1925\">\n<p data-start=\"1844\" data-end=\"1925\"><strong data-start=\"1844\" data-end=\"1870\">Snertilausar grei\u00f0slur<\/strong>: Garmin Pay.<\/p>\n<\/li>\n<li data-start=\"2077\" data-end=\"2176\">\n<p data-start=\"2079\" data-end=\"2176\"><strong data-start=\"2079\" data-end=\"2097\">\u00deyngd og st\u00e6r\u00f0<\/strong>: Um 42,2 mm m\u00e1l, \u00feyngd ~36 g me\u00f0 \u00f3l.<\/p>\n<\/li>\n<\/ul>\n<hr data-start=\"2511\" data-end=\"2514\" \/>\n<h3 data-start=\"2516\" data-end=\"2544\">\u2699\ufe0f <strong data-start=\"2523\" data-end=\"2544\">T\u00e6knilega yfirlit<\/strong><\/h3>\n<div class=\"_tableContainer_1rjym_1\">\n<div class=\"group _tableWrapper_1rjym_13 flex w-fit flex-col-reverse\" tabindex=\"-1\">\n<table class=\"w-fit min-w-(--thread-content-width)\" data-start=\"2546\" data-end=\"3399\">\n<thead data-start=\"2546\" data-end=\"2578\">\n<tr data-start=\"2546\" data-end=\"2578\">\n<th data-start=\"2546\" data-end=\"2559\" data-col-size=\"sm\">Eiginleiki<\/th>\n<th data-start=\"2559\" data-end=\"2578\" data-col-size=\"lg\">T\u00e6knileg l\u00fdsing<\/th>\n<\/tr>\n<\/thead>\n<tbody data-start=\"2613\" data-end=\"3399\">\n<tr data-start=\"2613\" data-end=\"2692\">\n<td data-start=\"2613\" data-end=\"2621\" data-col-size=\"sm\">Skj\u00e1r<\/td>\n<td data-start=\"2621\" data-end=\"2692\" data-col-size=\"lg\">1.2\u2033 AMOLED, 390\u00d7390 pixlar<\/td>\n<\/tr>\n<tr data-start=\"2693\" data-end=\"2843\">\n<td data-start=\"2693\" data-end=\"2709\" data-col-size=\"sm\">Hylki \/ Bezel<\/td>\n<td data-start=\"2709\" data-end=\"2843\" data-col-size=\"lg\">\u00c1lrammi (anodized aluminum), hylki \u00far trefja-styrktu p\u00f3l\u00fdmer; skj\u00e1v\u00f6rn me\u00f0 Gorilla Glass 3<\/td>\n<\/tr>\n<tr data-start=\"2844\" data-end=\"2934\">\n<td data-start=\"2844\" data-end=\"2849\" data-col-size=\"sm\">\u00d3l<\/td>\n<td data-start=\"2849\" data-end=\"2934\" data-col-size=\"lg\">S\u00edlikon, 20 mm hr\u00f6\u00f0 losun (quick-release)<\/td>\n<\/tr>\n<tr data-start=\"2935\" data-end=\"3049\">\n<td data-start=\"2935\" data-end=\"2948\" data-col-size=\"sm\">GPS \/ GNSS<\/td>\n<td data-start=\"2948\" data-end=\"3049\" data-col-size=\"lg\">J\u00e1, me\u00f0 m\u00f6rgum kerfum; sta\u00f0setning \u00e1nja GPS (all-systems)<\/td>\n<\/tr>\n<tr data-start=\"3050\" data-end=\"3134\">\n<td data-start=\"3050\" data-end=\"3058\" data-col-size=\"sm\">Minni<\/td>\n<td data-start=\"3058\" data-end=\"3134\" data-col-size=\"lg\">4 GB geymsla fyrir t\u00f3nlist o.fl.<\/td>\n<\/tr>\n<tr data-start=\"3135\" data-end=\"3195\">\n<td data-start=\"3135\" data-end=\"3146\" data-col-size=\"sm\">Vatns\u00feol<\/td>\n<td data-start=\"3146\" data-end=\"3195\" data-col-size=\"lg\">5 ATM<\/td>\n<\/tr>\n<tr data-start=\"3196\" data-end=\"3399\">\n<td data-start=\"3196\" data-end=\"3220\" data-col-size=\"sm\">S\u00e9rstakir eiginleikar<\/td>\n<td data-start=\"3220\" data-end=\"3399\" data-col-size=\"lg\">Always-On m\u00f6guleiki, Garmin Coach, Body Battery, VO\u2082 max, t\u00f3nlistageymsla, snertilausar grei\u00f0slur, g\u00f3\u00f0ar m\u00e6lingar fyrir svefn og heilsu<\/td>\n<\/tr>\n<\/tbody>\n<\/table>\n<p>&nbsp;<\/p>\n<\/div>\n<\/div>\n<blockquote data-start=\"3434\" data-end=\"4019\">\n<p data-start=\"3436\" data-end=\"3498\"><strong data-start=\"3436\" data-end=\"3496\">\u201eGer\u00f0u hverja stund mikilv\u00e6ga \u2013 me\u00f0 Garmin Vivoactive 5\u201c<\/strong><\/p>\n<p data-start=\"3505\" data-end=\"4019\">L\u00edfi\u00f0 er fullkomi\u00f0 t\u00e6kif\u00e6ri til a\u00f0 hreyfa sig, hv\u00edla sig, elska sig. Vivoactive 5 er me\u00f0 \u00fe\u00e9r allan t\u00edmann \u2013 fr\u00e1 fyrstu morgunskokkinum, \u00ed gegnum daginn \u00ed vinnu, me\u00f0 kv\u00f6ldg\u00f6nguna, og allt \u00fear \u00e1 milli. Me\u00f0 11 daga rafhl\u00f6\u00f0uendingu, sk\u00fdrum AMOLED-skj\u00e1, GPS sem fylgist me\u00f0 \u00e1n s\u00edma, og innbygg\u00f0um t\u00f3nlist og snertilausum grei\u00f0slum.<\/p>\n<\/blockquote>","protected":false},"excerpt":{"rendered":"<p>\u231a Garmin Vivoactive 5 Fullkomi\u00f0 snjall\u00far fyrir alla sem vilja fylgjast me\u00f0 hreyfingu, heilsu og l\u00edfi \u2013 me\u00f0 st\u00edl. Vivoactive 5 sameinar fallega h\u00f6nnun, snjalla virkni og n\u00e1kv\u00e6mar m\u00e6lingar. -st\u00edlhreint, l\u00e9tt og \u00fe\u00e6gilegt \u00ed daglegri notkun. \ud83c\udf1f Helstu eiginleikar Skj\u00e1r: 1,2\u2033 AMOLED me\u00f0 m\u00f6guleika \u00e1 Always-On Mode. Rafhl\u00f6\u00f0uending: allt a\u00f0 11 dagar \u00ed snjall\u00far-stillingu, u.\u00fe.b. [&hellip;]<\/p>","protected":false},"featured_media":5751,"comment_status":"closed","ping_status":"closed","template":"","meta":{"_monsterinsights_skip_tracking":false,"_monsterinsights_sitenote_active":false,"_monsterinsights_sitenote_note":"","_monsterinsights_sitenote_category":0,"_uf_show_specific_survey":0,"_uf_disable_surveys":false},"product_brand":[],"product_cat":[40],"product_tag":[],"class_list":{"0":"post-5749","1":"product","2":"type-product","3":"status-publish","4":"has-post-thumbnail","6":"product_cat-tracker","8":"first","9":"outofstock","10":"sale","11":"taxable","12":"shipping-taxable","13":"purchasable","14":"product-type-simple"},"aioseo_notices":[],"_links":{"self":[{"href":"https:\/\/velvalid.is\/is\/wp-json\/wp\/v2\/product\/5749","targetHints":{"allow":["GET"]}}],"collection":[{"href":"https:\/\/velvalid.is\/is\/wp-json\/wp\/v2\/product"}],"about":[{"href":"https:\/\/velvalid.is\/is\/wp-json\/wp\/v2\/types\/product"}],"replies":[{"embeddable":true,"href":"https:\/\/velvalid.is\/is\/wp-json\/wp\/v2\/comments?post=5749"}],"wp:featuredmedia":[{"embeddable":true,"href":"https:\/\/velvalid.is\/is\/wp-json\/wp\/v2\/media\/5751"}],"wp:attachment":[{"href":"https:\/\/velvalid.is\/is\/wp-json\/wp\/v2\/media?parent=5749"}],"wp:term":[{"taxonomy":"product_brand","embeddable":true,"href":"https:\/\/velvalid.is\/is\/wp-json\/wp\/v2\/product_brand?post=5749"},{"taxonomy":"product_cat","embeddable":true,"href":"https:\/\/velvalid.is\/is\/wp-json\/wp\/v2\/product_cat?post=5749"},{"taxonomy":"product_tag","embeddable":true,"href":"https:\/\/velvalid.is\/is\/wp-json\/wp\/v2\/product_tag?post=5749"}],"curies":[{"name":"wp","href":"https:\/\/api.w.org\/{rel}","templated":true}]}}