{"id":5856,"date":"2026-02-11T10:52:52","date_gmt":"2026-02-11T10:52:52","guid":{"rendered":"https:\/\/velvalid.is\/?post_type=product&#038;p=5856"},"modified":"2026-02-11T10:52:52","modified_gmt":"2026-02-11T10:52:52","slug":"dyson-airwrap-curly-coily-gyllt","status":"publish","type":"product","link":"https:\/\/velvalid.is\/is\/product\/dyson-airwrap-curly-coily-gyllt\/","title":{"rendered":"Dyson Airwrap Curly &#038; Coily &#8211; gyllt"},"content":{"rendered":"<p class=\"isSelectedEnd\">\u2728 Dyson Airwrap i.d. Curly &amp; Coily\u00a0 \u2728<\/p>\n<p class=\"isSelectedEnd\">Langar \u00feig \u00ed fullkomnar krullur, meiri fyllingu og faglega h\u00e1rgrei\u00f0slu heima?<br \/>\nDyson Airwrap i.d. er hanna\u00f0 s\u00e9rstaklega fyrir krulla\u00f0 og li\u00f0i\u00f0 h\u00e1r og gerir \u00fe\u00e9r kleift a\u00f0 \u00feurrka, m\u00f3ta, li\u00f0ka og sl\u00e9tta \u2013 \u00e1n \u00feess a\u00f0 nota mikinn hita.<\/p>\n<p class=\"isSelectedEnd\">\ud83d\udcab Helstu kostir:<br \/>\n\u2022 Skapar fallegar og endingarg\u00f3\u00f0ar krullur me\u00f0 loftfl\u00e6\u00f0i \u00ed sta\u00f0 mikils hita<br \/>\n\u2022 S\u00e9rstakir hausar fyrir krulla\u00f0 og \u00feykkt h\u00e1r \u2013 skilgreina krullur og draga \u00far \u00fafnum h\u00e1rum<br \/>\n\u2022 Intelligent hitast\u00fdring sem verndar glj\u00e1a og heilsu h\u00e1rsins<br \/>\n\u2022 Margnota t\u00e6ki \u2013 \u00feurrkar, m\u00f3tar, gefur fyllingu og skilgreinir krullur<br \/>\n\u2022 Einstaklega falleg <strong>Amber Silk<\/strong> gjafa\u00fatg\u00e1fa \u2013 fullkomin sem gj\u00f6f e\u00f0a l\u00faxus fyrir sj\u00e1lfa\/n \u00feig<\/p>\n<p><iframe title=\"How to create beachy curls using the NEW Dyson Airwrap Diffuser attachment\" width=\"500\" height=\"281\" src=\"https:\/\/www.youtube.com\/embed\/OK9dPjUV2W8?feature=oembed\" frameborder=\"0\" allow=\"accelerometer; autoplay; clipboard-write; encrypted-media; gyroscope; picture-in-picture; web-share\" referrerpolicy=\"strict-origin-when-cross-origin\" allowfullscreen><\/iframe><\/p>\n<p class=\"isSelectedEnd\">St\u00edla\u00f0u h\u00e1ri\u00f0 \u00e1 \u00feinn h\u00e1tt \u2013 \u00e1 einfaldan og \u00f6ruggan h\u00e1tt.<\/p>","protected":false},"excerpt":{"rendered":"<p>\u2728 Dyson Airwrap i.d. Curly &amp; Coily\u00a0 \u2728 Langar \u00feig \u00ed fullkomnar krullur, meiri fyllingu og faglega h\u00e1rgrei\u00f0slu heima? Dyson Airwrap i.d. er hanna\u00f0 s\u00e9rstaklega fyrir krulla\u00f0 og li\u00f0i\u00f0 h\u00e1r og gerir \u00fe\u00e9r kleift a\u00f0 \u00feurrka, m\u00f3ta, li\u00f0ka og sl\u00e9tta \u2013 \u00e1n \u00feess a\u00f0 nota mikinn hita. \ud83d\udcab Helstu kostir: \u2022 Skapar fallegar og endingarg\u00f3\u00f0ar [&hellip;]<\/p>","protected":false},"featured_media":5857,"comment_status":"closed","ping_status":"closed","template":"","meta":{"_monsterinsights_skip_tracking":false,"_monsterinsights_sitenote_active":false,"_monsterinsights_sitenote_note":"","_monsterinsights_sitenote_category":0,"_uf_show_specific_survey":0,"_uf_disable_surveys":false},"product_brand":[],"product_cat":[44],"product_tag":[],"class_list":{"0":"post-5856","1":"product","2":"type-product","3":"status-publish","4":"has-post-thumbnail","6":"product_cat-dyson","8":"first","9":"onbackorder","10":"taxable","11":"shipping-taxable","12":"purchasable","13":"product-type-simple"},"aioseo_notices":[],"_links":{"self":[{"href":"https:\/\/velvalid.is\/is\/wp-json\/wp\/v2\/product\/5856","targetHints":{"allow":["GET"]}}],"collection":[{"href":"https:\/\/velvalid.is\/is\/wp-json\/wp\/v2\/product"}],"about":[{"href":"https:\/\/velvalid.is\/is\/wp-json\/wp\/v2\/types\/product"}],"replies":[{"embeddable":true,"href":"https:\/\/velvalid.is\/is\/wp-json\/wp\/v2\/comments?post=5856"}],"wp:featuredmedia":[{"embeddable":true,"href":"https:\/\/velvalid.is\/is\/wp-json\/wp\/v2\/media\/5857"}],"wp:attachment":[{"href":"https:\/\/velvalid.is\/is\/wp-json\/wp\/v2\/media?parent=5856"}],"wp:term":[{"taxonomy":"product_brand","embeddable":true,"href":"https:\/\/velvalid.is\/is\/wp-json\/wp\/v2\/product_brand?post=5856"},{"taxonomy":"product_cat","embeddable":true,"href":"https:\/\/velvalid.is\/is\/wp-json\/wp\/v2\/product_cat?post=5856"},{"taxonomy":"product_tag","embeddable":true,"href":"https:\/\/velvalid.is\/is\/wp-json\/wp\/v2\/product_tag?post=5856"}],"curies":[{"name":"wp","href":"https:\/\/api.w.org\/{rel}","templated":true}]}}