{"id":5861,"date":"2026-02-11T11:04:05","date_gmt":"2026-02-11T11:04:05","guid":{"rendered":"https:\/\/velvalid.is\/?post_type=product&#038;p=5861"},"modified":"2026-02-11T11:04:05","modified_gmt":"2026-02-11T11:04:05","slug":"dyson-vacuum-cleaner-v16-piston-animal","status":"publish","type":"product","link":"https:\/\/velvalid.is\/is\/product\/dyson-vacuum-cleaner-v16-piston-animal\/","title":{"rendered":"Dyson Vacuum Cleaner V16 Piston Animal"},"content":{"rendered":"<p class=\"isSelectedEnd\">Dyson Vacuum Cleaner V16 Piston Animal \u2013 Black\/Copper \ud83d\udd25<\/p>\n<p class=\"isSelectedEnd\">Leita\u00f0u a\u00f0 ryksugu sem sameinar kraft, snjalla t\u00e6kni og fallega h\u00f6nnun? Dyson V16 Piston Animal er h\u00f6nnu\u00f0 til a\u00f0 takast \u00e1 vi\u00f0 dagleg \u00ferif af h\u00e1marksafk\u00f6stum \u2013 jafnvel \u00feegar um er a\u00f0 r\u00e6\u00f0a h\u00e1r, ryk og \u00f3hreinindi sem sitja fast.<\/p>\n<p class=\"isSelectedEnd\">\u2728 Helstu kostir:<br \/>\n\u2022 \u00d6flug sogkraftst\u00e6kni sem hreinsar dj\u00fapt \u00far teppum og h\u00f6r\u00f0um g\u00f3lfum<br \/>\n\u2022 S\u00e9rstaklega hentug fyrir heimili me\u00f0 g\u00e6lud\u00fdr \u2013 fjarl\u00e6gir h\u00e1r og f\u00ednt ryk \u00e1 skilvirkan h\u00e1tt<br \/>\n\u2022 L\u00e9tt og \u00fer\u00e1\u00f0laus h\u00f6nnun sem gerir \u00ferifin flj\u00f3tleg og \u00fe\u00e6gileg<br \/>\n\u2022 N\u00fat\u00edmaleg Black\/Copper h\u00f6nnun sem l\u00edtur vel \u00fat \u00e1 hverju heimili<br \/>\n\u2022 Langur endingart\u00edmi rafhl\u00f6\u00f0u svo \u00fe\u00fa n\u00e6r\u00f0 meira \u00ed einni lotu<\/p>\n<p>Dyson V16 Piston Animal gerir \u00ferifin einfaldari, hra\u00f0ari og skilvirkari \u2013 svo \u00fe\u00fa getur noti\u00f0 hreinna heimilis me\u00f0 minni fyrirh\u00f6fn.<\/p>\n<p><iframe title=\"How to set up your Dyson V16 Piston Animal cordless vacuum | Quick start guide\" width=\"500\" height=\"281\" src=\"https:\/\/www.youtube.com\/embed\/MXqqvIpVtDM?feature=oembed\" frameborder=\"0\" allow=\"accelerometer; autoplay; clipboard-write; encrypted-media; gyroscope; picture-in-picture; web-share\" referrerpolicy=\"strict-origin-when-cross-origin\" allowfullscreen><\/iframe><\/p>","protected":false},"excerpt":{"rendered":"<p>Dyson Vacuum Cleaner V16 Piston Animal \u2013 Black\/Copper \ud83d\udd25 Leita\u00f0u a\u00f0 ryksugu sem sameinar kraft, snjalla t\u00e6kni og fallega h\u00f6nnun? Dyson V16 Piston Animal er h\u00f6nnu\u00f0 til a\u00f0 takast \u00e1 vi\u00f0 dagleg \u00ferif af h\u00e1marksafk\u00f6stum \u2013 jafnvel \u00feegar um er a\u00f0 r\u00e6\u00f0a h\u00e1r, ryk og \u00f3hreinindi sem sitja fast. \u2728 Helstu kostir: \u2022 \u00d6flug sogkraftst\u00e6kni [&hellip;]<\/p>","protected":false},"featured_media":5862,"comment_status":"closed","ping_status":"closed","template":"","meta":{"_monsterinsights_skip_tracking":false,"_monsterinsights_sitenote_active":false,"_monsterinsights_sitenote_note":"","_monsterinsights_sitenote_category":0,"_uf_show_specific_survey":0,"_uf_disable_surveys":false},"product_brand":[],"product_cat":[44],"product_tag":[],"class_list":{"0":"post-5861","1":"product","2":"type-product","3":"status-publish","4":"has-post-thumbnail","6":"product_cat-dyson","8":"first","9":"onbackorder","10":"sale","11":"taxable","12":"shipping-taxable","13":"purchasable","14":"product-type-simple"},"aioseo_notices":[],"_links":{"self":[{"href":"https:\/\/velvalid.is\/is\/wp-json\/wp\/v2\/product\/5861","targetHints":{"allow":["GET"]}}],"collection":[{"href":"https:\/\/velvalid.is\/is\/wp-json\/wp\/v2\/product"}],"about":[{"href":"https:\/\/velvalid.is\/is\/wp-json\/wp\/v2\/types\/product"}],"replies":[{"embeddable":true,"href":"https:\/\/velvalid.is\/is\/wp-json\/wp\/v2\/comments?post=5861"}],"wp:featuredmedia":[{"embeddable":true,"href":"https:\/\/velvalid.is\/is\/wp-json\/wp\/v2\/media\/5862"}],"wp:attachment":[{"href":"https:\/\/velvalid.is\/is\/wp-json\/wp\/v2\/media?parent=5861"}],"wp:term":[{"taxonomy":"product_brand","embeddable":true,"href":"https:\/\/velvalid.is\/is\/wp-json\/wp\/v2\/product_brand?post=5861"},{"taxonomy":"product_cat","embeddable":true,"href":"https:\/\/velvalid.is\/is\/wp-json\/wp\/v2\/product_cat?post=5861"},{"taxonomy":"product_tag","embeddable":true,"href":"https:\/\/velvalid.is\/is\/wp-json\/wp\/v2\/product_tag?post=5861"}],"curies":[{"name":"wp","href":"https:\/\/api.w.org\/{rel}","templated":true}]}}