{"id":5870,"date":"2026-02-11T12:38:17","date_gmt":"2026-02-11T12:38:17","guid":{"rendered":"https:\/\/velvalid.is\/?post_type=product&#038;p=5870"},"modified":"2026-02-11T12:38:17","modified_gmt":"2026-02-11T12:38:17","slug":"garmin-fenix-7-pro-solar-gps","status":"publish","type":"product","link":"https:\/\/velvalid.is\/is\/product\/garmin-fenix-7-pro-solar-gps\/","title":{"rendered":"Garmin Fenix 7 Pro Solar GPS"},"content":{"rendered":"<p class=\"isSelectedEnd\">\u231a Garmin Fenix 7 Pro Solar GPS \u2013 47mm (Slate Grey \/ Graphite Band) \u231a<\/p>\n<p class=\"isSelectedEnd\">Leita\u00f0u a\u00f0 snjall\u00fari sem \u00feolir allt og hj\u00e1lpar \u00fe\u00e9r a\u00f0 n\u00e1 markmi\u00f0unum? Garmin Fenix 7 Pro Solar er hanna\u00f0 fyrir \u00fe\u00e1 sem vilja fylgjast me\u00f0 heilsu, \u00e6fingum og \u00e6vint\u00fdrum \u2013 hvort sem \u00fea\u00f0 er \u00ed r\u00e6ktinni, fjallg\u00f6ngu e\u00f0a daglegu l\u00edfi.<\/p>\n<p class=\"isSelectedEnd\">\ud83c\udf1f Helstu kostir:<br \/>\n\u2022 Solar hle\u00f0sla sem lengir rafhl\u00f6\u00f0uendingu \u2013 meira frelsi, minna hle\u00f0slustress<br \/>\n\u2022 N\u00e1kv\u00e6mt GPS og fj\u00f6lbreyttar \u00ed\u00fer\u00f3ttam\u00e6lingar fyrir hlaup, hj\u00f3lrei\u00f0ar, g\u00f6ngur og fleira<br \/>\n\u2022 Heilsum\u00e6lingar allan s\u00f3larhringinn: p\u00fals, svefn, streita og fleira<br \/>\n\u2022 Sterk og v\u00f6ndu\u00f0 h\u00f6nnun sem \u00feolir krefjandi a\u00f0st\u00e6\u00f0ur<br \/>\n\u2022 Gl\u00e6sileg Slate Grey \u00e1fer\u00f0 me\u00f0 Graphite armbandi \u2013 sportlegt og st\u00edlhreint \u00fatlit<\/p>\n<p>Garmin Fenix 7 Pro Solar er fullkominn f\u00e9lagi fyrir \u00fe\u00e1 sem vilja fylgjast me\u00f0 \u00e1rangri, b\u00e6ta frammist\u00f6\u00f0u og vera alltaf tilb\u00fanir \u00ed n\u00e6sta \u00e6vint\u00fdri. \ud83d\ude80<\/p>","protected":false},"excerpt":{"rendered":"<p>\u231a Garmin Fenix 7 Pro Solar GPS \u2013 47mm (Slate Grey \/ Graphite Band) \u231a Leita\u00f0u a\u00f0 snjall\u00fari sem \u00feolir allt og hj\u00e1lpar \u00fe\u00e9r a\u00f0 n\u00e1 markmi\u00f0unum? Garmin Fenix 7 Pro Solar er hanna\u00f0 fyrir \u00fe\u00e1 sem vilja fylgjast me\u00f0 heilsu, \u00e6fingum og \u00e6vint\u00fdrum \u2013 hvort sem \u00fea\u00f0 er \u00ed r\u00e6ktinni, fjallg\u00f6ngu e\u00f0a daglegu l\u00edfi. [&hellip;]<\/p>","protected":false},"featured_media":5871,"comment_status":"closed","ping_status":"closed","template":"","meta":{"_monsterinsights_skip_tracking":false,"_monsterinsights_sitenote_active":false,"_monsterinsights_sitenote_note":"","_monsterinsights_sitenote_category":0,"_uf_show_specific_survey":0,"_uf_disable_surveys":false},"product_brand":[],"product_cat":[102],"product_tag":[],"class_list":{"0":"post-5870","1":"product","2":"type-product","3":"status-publish","4":"has-post-thumbnail","6":"product_cat-garmin","8":"first","9":"onbackorder","10":"taxable","11":"shipping-taxable","12":"purchasable","13":"product-type-simple"},"aioseo_notices":[],"_links":{"self":[{"href":"https:\/\/velvalid.is\/is\/wp-json\/wp\/v2\/product\/5870","targetHints":{"allow":["GET"]}}],"collection":[{"href":"https:\/\/velvalid.is\/is\/wp-json\/wp\/v2\/product"}],"about":[{"href":"https:\/\/velvalid.is\/is\/wp-json\/wp\/v2\/types\/product"}],"replies":[{"embeddable":true,"href":"https:\/\/velvalid.is\/is\/wp-json\/wp\/v2\/comments?post=5870"}],"wp:featuredmedia":[{"embeddable":true,"href":"https:\/\/velvalid.is\/is\/wp-json\/wp\/v2\/media\/5871"}],"wp:attachment":[{"href":"https:\/\/velvalid.is\/is\/wp-json\/wp\/v2\/media?parent=5870"}],"wp:term":[{"taxonomy":"product_brand","embeddable":true,"href":"https:\/\/velvalid.is\/is\/wp-json\/wp\/v2\/product_brand?post=5870"},{"taxonomy":"product_cat","embeddable":true,"href":"https:\/\/velvalid.is\/is\/wp-json\/wp\/v2\/product_cat?post=5870"},{"taxonomy":"product_tag","embeddable":true,"href":"https:\/\/velvalid.is\/is\/wp-json\/wp\/v2\/product_tag?post=5870"}],"curies":[{"name":"wp","href":"https:\/\/api.w.org\/{rel}","templated":true}]}}