{"id":5903,"date":"2026-02-16T12:02:18","date_gmt":"2026-02-16T12:02:18","guid":{"rendered":"https:\/\/velvalid.is\/?post_type=product&#038;p=5903"},"modified":"2026-02-16T12:02:18","modified_gmt":"2026-02-16T12:02:18","slug":"apple-airpods-4-kynslod","status":"publish","type":"product","link":"https:\/\/velvalid.is\/is\/product\/apple-airpods-4-kynslod\/","title":{"rendered":"Apple AirPods 4 kynsl\u00f3\u00f0"},"content":{"rendered":"<p data-start=\"0\" data-end=\"211\"><strong data-start=\"0\" data-end=\"26\">Apple AirPods 4 (2024)<\/strong> eru n\u00fd kynsl\u00f3\u00f0 \u00fer\u00e1\u00f0lausra heyrnart\u00f3la sem sameina vanda\u00f0 hlj\u00f3\u00f0, snjalla eiginleika og fallega, \u00fe\u00e6gilega h\u00f6nnun. \u00deau henta jafnt \u00ed t\u00f3nlist, s\u00edmt\u00f6l og af\u00fereyingu \u2013 hvar og hven\u00e6r sem er.<\/p>\n<p data-start=\"213\" data-end=\"249\"><strong data-start=\"213\" data-end=\"249\">\u00dea\u00f0 sem gerir AirPods 4 s\u00e9rst\u00f6k:<\/strong><\/p>\n<p data-start=\"251\" data-end=\"398\"><strong data-start=\"251\" data-end=\"281\">Hreint og kraftmiki\u00f0 hlj\u00f3\u00f0<\/strong><br data-start=\"281\" data-end=\"284\" \/>N\u00fd hlj\u00f3\u00f0t\u00e6kni skilar sk\u00fdrum t\u00f3num og g\u00f3\u00f0um bassa, svo t\u00f3nlist, kvikmyndir og s\u00edmt\u00f6l hlj\u00f3ma lifandi og skemmtilega.<\/p>\n<p data-start=\"400\" data-end=\"622\"><strong data-start=\"400\" data-end=\"423\">Virk hlj\u00f3\u00f0einangrun<\/strong><br data-start=\"423\" data-end=\"426\" \/>Me\u00f0 hlj\u00f3\u00f0einangrun getur\u00f0u loka\u00f0 \u00fati umhverfish\u00e1va\u00f0a og noti\u00f0 \u00feess sem \u00fe\u00fa ert a\u00f0 hlusta \u00e1. Ef \u00fe\u00fa \u00fearft a\u00f0 fylgjast me\u00f0 umhverfinu er au\u00f0velt a\u00f0 kveikja \u00e1 stillingu sem hleypir hlj\u00f3\u00f0i utan fr\u00e1 inn.<\/p>\n<p data-start=\"624\" data-end=\"810\"><strong data-start=\"624\" data-end=\"656\">USB-C hle\u00f0sla og hra\u00f0hle\u00f0sla<\/strong><br data-start=\"656\" data-end=\"659\" \/>Hle\u00f0slut\u00e6ki\u00f0 notar USB-C, sem gerir hle\u00f0slu einfaldari og samh\u00e6fari vi\u00f0 n\u00fdrri t\u00e6ki. Stutt hle\u00f0sla getur gefi\u00f0 \u00fe\u00e9r orku fyrir marga klukkut\u00edma notkunar.<\/p>\n<p data-start=\"812\" data-end=\"964\"><strong data-start=\"812\" data-end=\"834\">G\u00f3\u00f0 rafhl\u00f6\u00f0uending<\/strong><br data-start=\"834\" data-end=\"837\" \/>Me\u00f0 hle\u00f0slut\u00e6kinu f\u00e6r\u00f0u allt a\u00f0 30 klukkustunda spilun, og heyrnart\u00f3lin sj\u00e1lf endast \u00ed allt a\u00f0 5 klukkustundir \u00e1 einni hle\u00f0slu.<\/p>\n<p data-start=\"966\" data-end=\"1109\"><strong data-start=\"966\" data-end=\"992\">Hlj\u00f3\u00f0 sem a\u00f0lagast \u00fe\u00e9r<\/strong><br data-start=\"992\" data-end=\"995\" \/>Snj\u00f6ll hlj\u00f3\u00f0stilling a\u00f0lagar hlj\u00f3\u00f0i\u00f0 a\u00f0 eyrunum \u00fe\u00ednum svo upplifunin ver\u00f0i sem best, sama hva\u00f0 \u00fe\u00fa ert a\u00f0 hlusta \u00e1.<\/p>","protected":false},"excerpt":{"rendered":"<p>Apple AirPods 4 (2024) eru n\u00fd kynsl\u00f3\u00f0 \u00fer\u00e1\u00f0lausra heyrnart\u00f3la sem sameina vanda\u00f0 hlj\u00f3\u00f0, snjalla eiginleika og fallega, \u00fe\u00e6gilega h\u00f6nnun. \u00deau henta jafnt \u00ed t\u00f3nlist, s\u00edmt\u00f6l og af\u00fereyingu \u2013 hvar og hven\u00e6r sem er. \u00dea\u00f0 sem gerir AirPods 4 s\u00e9rst\u00f6k: Hreint og kraftmiki\u00f0 hlj\u00f3\u00f0N\u00fd hlj\u00f3\u00f0t\u00e6kni skilar sk\u00fdrum t\u00f3num og g\u00f3\u00f0um bassa, svo t\u00f3nlist, kvikmyndir og s\u00edmt\u00f6l [&hellip;]<\/p>","protected":false},"featured_media":5904,"comment_status":"closed","ping_status":"closed","template":"","meta":{"_monsterinsights_skip_tracking":false,"_monsterinsights_sitenote_active":false,"_monsterinsights_sitenote_note":"","_monsterinsights_sitenote_category":0,"_uf_show_specific_survey":0,"_uf_disable_surveys":false},"product_brand":[],"product_cat":[40],"product_tag":[],"class_list":{"0":"post-5903","1":"product","2":"type-product","3":"status-publish","4":"has-post-thumbnail","6":"product_cat-tracker","8":"first","9":"onbackorder","10":"taxable","11":"shipping-taxable","12":"purchasable","13":"product-type-simple"},"aioseo_notices":[],"_links":{"self":[{"href":"https:\/\/velvalid.is\/is\/wp-json\/wp\/v2\/product\/5903","targetHints":{"allow":["GET"]}}],"collection":[{"href":"https:\/\/velvalid.is\/is\/wp-json\/wp\/v2\/product"}],"about":[{"href":"https:\/\/velvalid.is\/is\/wp-json\/wp\/v2\/types\/product"}],"replies":[{"embeddable":true,"href":"https:\/\/velvalid.is\/is\/wp-json\/wp\/v2\/comments?post=5903"}],"wp:featuredmedia":[{"embeddable":true,"href":"https:\/\/velvalid.is\/is\/wp-json\/wp\/v2\/media\/5904"}],"wp:attachment":[{"href":"https:\/\/velvalid.is\/is\/wp-json\/wp\/v2\/media?parent=5903"}],"wp:term":[{"taxonomy":"product_brand","embeddable":true,"href":"https:\/\/velvalid.is\/is\/wp-json\/wp\/v2\/product_brand?post=5903"},{"taxonomy":"product_cat","embeddable":true,"href":"https:\/\/velvalid.is\/is\/wp-json\/wp\/v2\/product_cat?post=5903"},{"taxonomy":"product_tag","embeddable":true,"href":"https:\/\/velvalid.is\/is\/wp-json\/wp\/v2\/product_tag?post=5903"}],"curies":[{"name":"wp","href":"https:\/\/api.w.org\/{rel}","templated":true}]}}