{"id":5929,"date":"2026-04-14T13:45:25","date_gmt":"2026-04-14T13:45:25","guid":{"rendered":"https:\/\/velvalid.is\/?post_type=product&#038;p=5929"},"modified":"2026-04-17T18:52:22","modified_gmt":"2026-04-17T18:52:22","slug":"samsung-s26-dual-sim-512-gb","status":"publish","type":"product","link":"https:\/\/velvalid.is\/is\/product\/samsung-s26-dual-sim-512-gb\/","title":{"rendered":"Samsung Galaxy S26 &#8211;  Dual SIM &#8211; 512 GB"},"content":{"rendered":"<section class=\"text-token-text-primary w-full focus:outline-none [--shadow-height:45px] has-data-writing-block:pointer-events-none has-data-writing-block:-mt-(--shadow-height) has-data-writing-block:pt-(--shadow-height) [&amp;:has([data-writing-block])&gt;*]:pointer-events-auto [content-visibility:auto] supports-[content-visibility:auto]:[contain-intrinsic-size:auto_100lvh] R6Vx5W_threadScrollVars scroll-mb-[calc(var(--scroll-root-safe-area-inset-bottom,0px)+var(--thread-response-height))] scroll-mt-[calc(var(--header-height)+min(200px,max(70px,20svh)))]\" dir=\"auto\" data-turn-id=\"request-WEB:0b479c15-50c2-46be-bb6f-319708f60581-1\" data-testid=\"conversation-turn-4\" data-scroll-anchor=\"false\" data-turn=\"assistant\">\n<div class=\"text-base my-auto mx-auto pb-10 [--thread-content-margin:var(--thread-content-margin-xs,calc(var(--spacing)*4))] @w-sm\/main:[--thread-content-margin:var(--thread-content-margin-sm,calc(var(--spacing)*6))] @w-lg\/main:[--thread-content-margin:var(--thread-content-margin-lg,calc(var(--spacing)*16))] px-(--thread-content-margin)\">\n<div class=\"[--thread-content-max-width:40rem] @w-lg\/main:[--thread-content-max-width:48rem] mx-auto max-w-(--thread-content-max-width) flex-1 group\/turn-messages focus-visible:outline-hidden relative flex w-full min-w-0 flex-col agent-turn\">\n<div class=\"flex max-w-full flex-col gap-4 grow\">\n<div class=\"min-h-8 text-message relative flex w-full flex-col items-end gap-2 text-start break-words whitespace-normal outline-none keyboard-focused:focus-ring [.text-message+&amp;]:mt-1\" dir=\"auto\" tabindex=\"0\" data-message-author-role=\"assistant\" data-message-id=\"8de91f78-be69-4e6d-b6f5-8c7485f91c65\" data-message-model-slug=\"gpt-5-3\" data-turn-start-message=\"true\">\n<div class=\"flex w-full flex-col gap-1 empty:hidden\">\n<div class=\"markdown prose dark:prose-invert w-full wrap-break-word light markdown-new-styling\">\n<p data-start=\"56\" data-end=\"321\">Samsung Galaxy s26 sem sameinar kraft, hra\u00f0a og gl\u00e6silega h\u00f6nnun. Galaxy S26 er hanna\u00f0ur fyrir kr\u00f6fuhar\u00f0a notendur sem vilja \u00e1rei\u00f0anlegan s\u00edma me\u00f0 fram\u00farskarandi afk\u00f6stum, h\u00e1\u00fer\u00f3a\u00f0ri myndav\u00e9l og hra\u00f0ri tengingu \u2013 hvort sem er til vinnu e\u00f0a af\u00fereyingar.<\/p>\n<p data-start=\"323\" data-end=\"342\">Helstu eiginleikar:<\/p>\n<ul data-start=\"343\" data-end=\"788\">\n<li data-section-id=\"19k20mq\" data-start=\"343\" data-end=\"444\">12GB vinnsluminni og 512GB geymsla sem tryggir hra\u00f0a og miki\u00f0 pl\u00e1ss fyrir \u00f6pp, myndir og myndb\u00f6nd<\/li>\n<li data-section-id=\"rhbump\" data-start=\"445\" data-end=\"503\">5G tenging fyrir ofurhra\u00f0 nettengsl og streymi \u00e1n tafa<\/li>\n<li data-section-id=\"1dw8mxz\" data-start=\"504\" data-end=\"572\">Dual SIM sem gerir \u00fe\u00e9r kleift a\u00f0 nota tv\u00f6 s\u00edman\u00famer \u00ed einum s\u00edma<\/li>\n<li data-section-id=\"111gy6w\" data-start=\"573\" data-end=\"648\">H\u00e1\u00fer\u00f3u\u00f0 myndav\u00e9l sem skilar sk\u00fdrum og lifandi myndum vi\u00f0 allar a\u00f0st\u00e6\u00f0ur<\/li>\n<li data-section-id=\"17l6blm\" data-start=\"649\" data-end=\"729\">St\u00f3r og sk\u00fdr skj\u00e1r sem hentar fullkomlega fyrir myndb\u00f6nd, leiki og vefnotkun<\/li>\n<li data-section-id=\"hobp8w\" data-start=\"730\" data-end=\"788\">\u00d6flug rafhla\u00f0a me\u00f0 hra\u00f0hle\u00f0slu sem endist allan daginn<\/li>\n<\/ul>\n<p data-start=\"790\" data-end=\"982\">Galaxy S26 er hanna\u00f0ur til a\u00f0 takast \u00e1 vi\u00f0 allt sem \u00fe\u00fa \u00fearft yfir daginn. Me\u00f0 miklu vinnsluminni og st\u00f3rri geymslu getur\u00f0u skipt \u00e1 milli forrita \u00e1n tafar og geymt allt efni\u00f0 \u00feitt \u00e1 einum sta\u00f0.<\/p>\n<p data-start=\"984\" data-end=\"1007\">T\u00e6knilegar uppl\u00fdsingar:<\/p>\n<ul data-start=\"1008\" data-end=\"1122\">\n<li data-section-id=\"1aixxhc\" data-start=\"1008\" data-end=\"1042\">M\u00f3del: Samsung Galaxy S26 S942<\/li>\n<li data-section-id=\"g0kqns\" data-start=\"1043\" data-end=\"1058\">Tenging: 5G<\/li>\n<li data-section-id=\"owgjda\" data-start=\"1059\" data-end=\"1076\">SIM: Dual SIM<\/li>\n<li data-section-id=\"150o7xu\" data-start=\"1077\" data-end=\"1103\">Vinnsluminni: 12GB RAM<\/li>\n<li data-section-id=\"1wc293d\" data-start=\"1104\" data-end=\"1122\">Geymsla: 512GB<\/li>\n<\/ul>\n<p data-start=\"1124\" data-end=\"1234\" data-is-last-node=\"\" data-is-only-node=\"\">Samsung Galaxy S26 er fullkominn valkostur fyrir \u00fe\u00e1 sem vilja \u00f6flugan, hra\u00f0an og framt\u00ed\u00f0artrygg\u00f0an snjalls\u00edma.<\/p>\n<\/div>\n<\/div>\n<\/div>\n<\/div>\n<div class=\"z-0 flex min-h-[46px] justify-start\"><\/div>\n<\/div>\n<\/div>\n<\/section>\n<div class=\"pointer-events-none -mt-px h-px translate-y-[calc(var(--scroll-root-safe-area-inset-bottom)-14*var(--spacing))]\" aria-hidden=\"true\"><\/div>","protected":false},"excerpt":{"rendered":"<p>Samsung Galaxy s26 sem sameinar kraft, hra\u00f0a og gl\u00e6silega h\u00f6nnun. Galaxy S26 er hanna\u00f0ur fyrir kr\u00f6fuhar\u00f0a notendur sem vilja \u00e1rei\u00f0anlegan s\u00edma me\u00f0 fram\u00farskarandi afk\u00f6stum, h\u00e1\u00fer\u00f3a\u00f0ri myndav\u00e9l og hra\u00f0ri tengingu \u2013 hvort sem er til vinnu e\u00f0a af\u00fereyingar. Helstu eiginleikar: 12GB vinnsluminni og 512GB geymsla sem tryggir hra\u00f0a og miki\u00f0 pl\u00e1ss fyrir \u00f6pp, myndir og myndb\u00f6nd [&hellip;]<\/p>","protected":false},"featured_media":5930,"comment_status":"closed","ping_status":"closed","template":"","meta":{"_monsterinsights_skip_tracking":false,"_monsterinsights_sitenote_active":false,"_monsterinsights_sitenote_note":"","_monsterinsights_sitenote_category":0,"_uf_show_specific_survey":0,"_uf_disable_surveys":false},"product_brand":[],"product_cat":[46],"product_tag":[],"class_list":{"0":"post-5929","1":"product","2":"type-product","3":"status-publish","4":"has-post-thumbnail","6":"product_cat-samsung","8":"first","9":"instock","10":"taxable","11":"shipping-taxable","12":"purchasable","13":"product-type-simple"},"aioseo_notices":[],"_links":{"self":[{"href":"https:\/\/velvalid.is\/is\/wp-json\/wp\/v2\/product\/5929","targetHints":{"allow":["GET"]}}],"collection":[{"href":"https:\/\/velvalid.is\/is\/wp-json\/wp\/v2\/product"}],"about":[{"href":"https:\/\/velvalid.is\/is\/wp-json\/wp\/v2\/types\/product"}],"replies":[{"embeddable":true,"href":"https:\/\/velvalid.is\/is\/wp-json\/wp\/v2\/comments?post=5929"}],"wp:featuredmedia":[{"embeddable":true,"href":"https:\/\/velvalid.is\/is\/wp-json\/wp\/v2\/media\/5930"}],"wp:attachment":[{"href":"https:\/\/velvalid.is\/is\/wp-json\/wp\/v2\/media?parent=5929"}],"wp:term":[{"taxonomy":"product_brand","embeddable":true,"href":"https:\/\/velvalid.is\/is\/wp-json\/wp\/v2\/product_brand?post=5929"},{"taxonomy":"product_cat","embeddable":true,"href":"https:\/\/velvalid.is\/is\/wp-json\/wp\/v2\/product_cat?post=5929"},{"taxonomy":"product_tag","embeddable":true,"href":"https:\/\/velvalid.is\/is\/wp-json\/wp\/v2\/product_tag?post=5929"}],"curies":[{"name":"wp","href":"https:\/\/api.w.org\/{rel}","templated":true}]}}