{"id":5931,"date":"2026-04-14T13:49:04","date_gmt":"2026-04-14T13:49:04","guid":{"rendered":"https:\/\/velvalid.is\/?post_type=product&#038;p=5931"},"modified":"2026-04-17T18:54:09","modified_gmt":"2026-04-17T18:54:09","slug":"samsung-galaxy-s26-ultra-5g-dual-sim-12gb-ram-512gb","status":"publish","type":"product","link":"https:\/\/velvalid.is\/is\/product\/samsung-galaxy-s26-ultra-5g-dual-sim-12gb-ram-512gb\/","title":{"rendered":"Samsung Galaxy S26 Ultra 5G Dual SIM \u2013 12GB RAM \/ 512GB"},"content":{"rendered":"<p data-start=\"57\" data-end=\"290\">Toppger\u00f0in \u00ed Galaxy S26 l\u00ednunni sem b\u00fd\u00f0ur upp \u00e1 h\u00e1marksafk\u00f6st, einstaka myndav\u00e9l og l\u00faxus h\u00f6nnun. Galaxy S26 Ultra er hanna\u00f0ur fyrir \u00fe\u00e1 sem s\u00e6tta sig ekki vi\u00f0 neitt minna en \u00fea\u00f0 besta \u2013 hvort sem er \u00ed myndat\u00f6ku, vinnu e\u00f0a af\u00fereyingu.<\/p>\n<p data-start=\"292\" data-end=\"311\">Helstu eiginleikar:<\/p>\n<ul data-start=\"312\" data-end=\"855\">\n<li data-section-id=\"11l72xp\" data-start=\"312\" data-end=\"415\">12GB vinnsluminni og 512GB geymsla sem tryggir \u00f3tr\u00falegan hra\u00f0a og miki\u00f0 pl\u00e1ss fyrir allt efni\u00f0 \u00feitt<\/li>\n<li data-section-id=\"19korf4\" data-start=\"416\" data-end=\"481\">5G tenging fyrir ofurhra\u00f0a nettengingu og hn\u00f6kralaust streymi<\/li>\n<li data-section-id=\"31akrz\" data-start=\"482\" data-end=\"567\">Dual SIM sem gerir \u00fe\u00e9r kleift a\u00f0 halda utan um vinnu og einkal\u00edf \u00e1 einfaldan h\u00e1tt<\/li>\n<li data-section-id=\"tzidxr\" data-start=\"568\" data-end=\"646\">Pro myndav\u00e9lakerfi me\u00f0 h\u00e1upplausn sem skilar faglegum myndum og myndb\u00f6ndum<\/li>\n<li data-section-id=\"qzbvvq\" data-start=\"647\" data-end=\"720\">St\u00f3r Ultra skj\u00e1r me\u00f0 kristalt\u00e6rri upplausn og mj\u00fakri notkunarupplifun<\/li>\n<li data-section-id=\"l62ppl\" data-start=\"721\" data-end=\"783\">Premium h\u00f6nnun me\u00f0 endingarg\u00f3\u00f0um efnum og gl\u00e6silegu \u00fatliti<\/li>\n<li data-section-id=\"3gl7y3\" data-start=\"784\" data-end=\"855\">\u00d6flug rafhla\u00f0a me\u00f0 hra\u00f0hle\u00f0slu sem heldur \u00fe\u00e9r gangandi allan daginn<\/li>\n<\/ul>\n<p data-start=\"857\" data-end=\"1043\">Galaxy S26 Ultra er fullkominn s\u00edmi fyrir \u00fe\u00e1 sem vilja h\u00e1marksafk\u00f6st \u00ed \u00f6llum a\u00f0st\u00e6\u00f0um. Hann r\u00e6\u00f0ur au\u00f0veldlega vi\u00f0 krefjandi \u00f6pp, fj\u00f6lverkavinnslu og \u00feung verkefni \u00e1n \u00feess a\u00f0 h\u00e6gja \u00e1 s\u00e9r.<\/p>\n<p data-start=\"1045\" data-end=\"1068\">T\u00e6knilegar uppl\u00fdsingar:<\/p>\n<ul data-start=\"1069\" data-end=\"1184\">\n<li data-section-id=\"12j3h02\" data-start=\"1069\" data-end=\"1104\">M\u00f3del: Samsung Galaxy S26 Ultra<\/li>\n<li data-section-id=\"g0kqns\" data-start=\"1105\" data-end=\"1120\">Tenging: 5G<\/li>\n<li data-section-id=\"owgjda\" data-start=\"1121\" data-end=\"1138\">SIM: Dual SIM<\/li>\n<li data-section-id=\"150o7xu\" data-start=\"1139\" data-end=\"1165\">Vinnsluminni: 12GB RAM<\/li>\n<li data-section-id=\"1wc293d\" data-start=\"1166\" data-end=\"1184\">Geymsla: 512GB<\/li>\n<\/ul>\n<p data-start=\"1186\" data-end=\"1328\" data-is-last-node=\"\" data-is-only-node=\"\">Samsung Galaxy S26 Ultra er fullkominn valkostur fyrir \u00fe\u00e1 sem vilja \u00fea\u00f0 allra besta \u00ed snjalls\u00edmum \u2013 kraft, g\u00e6\u00f0i og n\u00fdjustu t\u00e6kni \u00ed einum s\u00edma.<\/p>","protected":false},"excerpt":{"rendered":"<p>Toppger\u00f0in \u00ed Galaxy S26 l\u00ednunni sem b\u00fd\u00f0ur upp \u00e1 h\u00e1marksafk\u00f6st, einstaka myndav\u00e9l og l\u00faxus h\u00f6nnun. Galaxy S26 Ultra er hanna\u00f0ur fyrir \u00fe\u00e1 sem s\u00e6tta sig ekki vi\u00f0 neitt minna en \u00fea\u00f0 besta \u2013 hvort sem er \u00ed myndat\u00f6ku, vinnu e\u00f0a af\u00fereyingu. Helstu eiginleikar: 12GB vinnsluminni og 512GB geymsla sem tryggir \u00f3tr\u00falegan hra\u00f0a og miki\u00f0 pl\u00e1ss [&hellip;]<\/p>","protected":false},"featured_media":5932,"comment_status":"closed","ping_status":"closed","template":"","meta":{"_monsterinsights_skip_tracking":false,"_monsterinsights_sitenote_active":false,"_monsterinsights_sitenote_note":"","_monsterinsights_sitenote_category":0,"_uf_show_specific_survey":0,"_uf_disable_surveys":false},"product_brand":[],"product_cat":[46],"product_tag":[],"class_list":{"0":"post-5931","1":"product","2":"type-product","3":"status-publish","4":"has-post-thumbnail","6":"product_cat-samsung","8":"first","9":"instock","10":"sale","11":"taxable","12":"shipping-taxable","13":"purchasable","14":"product-type-simple"},"aioseo_notices":[],"_links":{"self":[{"href":"https:\/\/velvalid.is\/is\/wp-json\/wp\/v2\/product\/5931","targetHints":{"allow":["GET"]}}],"collection":[{"href":"https:\/\/velvalid.is\/is\/wp-json\/wp\/v2\/product"}],"about":[{"href":"https:\/\/velvalid.is\/is\/wp-json\/wp\/v2\/types\/product"}],"replies":[{"embeddable":true,"href":"https:\/\/velvalid.is\/is\/wp-json\/wp\/v2\/comments?post=5931"}],"wp:featuredmedia":[{"embeddable":true,"href":"https:\/\/velvalid.is\/is\/wp-json\/wp\/v2\/media\/5932"}],"wp:attachment":[{"href":"https:\/\/velvalid.is\/is\/wp-json\/wp\/v2\/media?parent=5931"}],"wp:term":[{"taxonomy":"product_brand","embeddable":true,"href":"https:\/\/velvalid.is\/is\/wp-json\/wp\/v2\/product_brand?post=5931"},{"taxonomy":"product_cat","embeddable":true,"href":"https:\/\/velvalid.is\/is\/wp-json\/wp\/v2\/product_cat?post=5931"},{"taxonomy":"product_tag","embeddable":true,"href":"https:\/\/velvalid.is\/is\/wp-json\/wp\/v2\/product_tag?post=5931"}],"curies":[{"name":"wp","href":"https:\/\/api.w.org\/{rel}","templated":true}]}}